{"id":5148,"date":"2021-09-02T20:05:21","date_gmt":"2021-09-02T20:05:21","guid":{"rendered":"https:\/\/tagumedica.com\/?page_id=5148"},"modified":"2021-09-02T20:05:23","modified_gmt":"2021-09-02T20:05:23","slug":"shopping-cart","status":"publish","type":"page","link":"https:\/\/tagumedica.com\/en\/shopping-cart\/","title":{"rendered":"Shopping cart"},"content":{"rendered":"","protected":false},"excerpt":{"rendered":"","protected":false},"author":3,"featured_media":0,"parent":0,"menu_order":0,"comment_status":"closed","ping_status":"closed","template":"","meta":{"_acf_changed":false,"footnotes":""},"class_list":["post-5148","page","type-page","status-publish","hentry"],"acf":[],"yoast_head":"<!-- This site is optimized with the Yoast SEO plugin v26.8 - https:\/\/yoast.com\/product\/yoast-seo-wordpress\/ -->\n<title>Shopping cart - Tagumedica<\/title>\n<meta name=\"robots\" content=\"index, follow, max-snippet:-1, max-image-preview:large, max-video-preview:-1\" \/>\n<link rel=\"canonical\" href=\"https:\/\/tagumedica.com\/en\/shopping-cart\/\" \/>\n<meta property=\"og:locale\" content=\"en_US\" \/>\n<meta property=\"og:type\" content=\"article\" \/>\n<meta property=\"og:title\" content=\"Shopping cart - Tagumedica\" \/>\n<meta property=\"og:url\" content=\"https:\/\/tagumedica.com\/en\/shopping-cart\/\" \/>\n<meta property=\"og:site_name\" content=\"Tagumedica\" \/>\n<meta property=\"article:publisher\" content=\"https:\/\/www.facebook.com\/tagumedica\/\" \/>\n<meta property=\"article:modified_time\" content=\"2021-09-02T20:05:23+00:00\" \/>\n<meta property=\"og:image\" content=\"https:\/\/tagumedica.com\/wp-content\/uploads\/2023\/04\/tagumedica-logo-.jpg\" \/>\n\t<meta property=\"og:image:width\" content=\"1200\" \/>\n\t<meta property=\"og:image:height\" content=\"675\" \/>\n\t<meta property=\"og:image:type\" content=\"image\/jpeg\" \/>\n<script type=\"application\/ld+json\" class=\"yoast-schema-graph\">{\"@context\":\"https:\/\/schema.org\",\"@graph\":[{\"@type\":\"WebPage\",\"@id\":\"https:\/\/tagumedica.com\/en\/shopping-cart\/\",\"url\":\"https:\/\/tagumedica.com\/en\/shopping-cart\/\",\"name\":\"Shopping cart - Tagumedica\",\"isPartOf\":{\"@id\":\"https:\/\/tagumedica.com\/en\/#website\"},\"datePublished\":\"2021-09-02T20:05:21+00:00\",\"dateModified\":\"2021-09-02T20:05:23+00:00\",\"breadcrumb\":{\"@id\":\"https:\/\/tagumedica.com\/en\/shopping-cart\/#breadcrumb\"},\"inLanguage\":\"en-US\",\"potentialAction\":[{\"@type\":\"ReadAction\",\"target\":[\"https:\/\/tagumedica.com\/en\/shopping-cart\/\"]}]},{\"@type\":\"BreadcrumbList\",\"@id\":\"https:\/\/tagumedica.com\/en\/shopping-cart\/#breadcrumb\",\"itemListElement\":[{\"@type\":\"ListItem\",\"position\":1,\"name\":\"Portada\",\"item\":\"https:\/\/tagumedica.com\/en\/\"},{\"@type\":\"ListItem\",\"position\":2,\"name\":\"Shopping cart\"}]},{\"@type\":\"WebSite\",\"@id\":\"https:\/\/tagumedica.com\/en\/#website\",\"url\":\"https:\/\/tagumedica.com\/en\/\",\"name\":\"Tagumedica\",\"description\":\"Soluciones m\u00e9dicas de \u00faltima generaci\u00f3n para cirug\u00edas\",\"publisher\":{\"@id\":\"https:\/\/tagumedica.com\/en\/#organization\"},\"potentialAction\":[{\"@type\":\"SearchAction\",\"target\":{\"@type\":\"EntryPoint\",\"urlTemplate\":\"https:\/\/tagumedica.com\/en\/?s={search_term_string}\"},\"query-input\":{\"@type\":\"PropertyValueSpecification\",\"valueRequired\":true,\"valueName\":\"search_term_string\"}}],\"inLanguage\":\"en-US\"},{\"@type\":\"Organization\",\"@id\":\"https:\/\/tagumedica.com\/en\/#organization\",\"name\":\"Tagumedica\",\"alternateName\":\"Tagumedica\",\"url\":\"https:\/\/tagumedica.com\/en\/\",\"logo\":{\"@type\":\"ImageObject\",\"inLanguage\":\"en-US\",\"@id\":\"https:\/\/tagumedica.com\/en\/#\/schema\/logo\/image\/\",\"url\":\"https:\/\/tagumedica.com\/wp-content\/uploads\/2023\/04\/Tagumedica-logotipo.png\",\"contentUrl\":\"https:\/\/tagumedica.com\/wp-content\/uploads\/2023\/04\/Tagumedica-logotipo.png\",\"width\":380,\"height\":150,\"caption\":\"Tagumedica\"},\"image\":{\"@id\":\"https:\/\/tagumedica.com\/en\/#\/schema\/logo\/image\/\"},\"sameAs\":[\"https:\/\/www.facebook.com\/tagumedica\/\",\"https:\/\/www.instagram.com\/tagumedica\/\",\"https:\/\/www.youtube.com\/channel\/UCUl698cTwJbTfeI_cHVmJJQ\"]}]}<\/script>\n<!-- \/ Yoast SEO plugin. -->","yoast_head_json":{"title":"Shopping cart - Tagumedica","robots":{"index":"index","follow":"follow","max-snippet":"max-snippet:-1","max-image-preview":"max-image-preview:large","max-video-preview":"max-video-preview:-1"},"canonical":"https:\/\/tagumedica.com\/en\/shopping-cart\/","og_locale":"en_US","og_type":"article","og_title":"Shopping cart - Tagumedica","og_url":"https:\/\/tagumedica.com\/en\/shopping-cart\/","og_site_name":"Tagumedica","article_publisher":"https:\/\/www.facebook.com\/tagumedica\/","article_modified_time":"2021-09-02T20:05:23+00:00","og_image":[{"width":1200,"height":675,"url":"https:\/\/tagumedica.com\/wp-content\/uploads\/2023\/04\/tagumedica-logo-.jpg","type":"image\/jpeg"}],"schema":{"@context":"https:\/\/schema.org","@graph":[{"@type":"WebPage","@id":"https:\/\/tagumedica.com\/en\/shopping-cart\/","url":"https:\/\/tagumedica.com\/en\/shopping-cart\/","name":"Shopping cart - Tagumedica","isPartOf":{"@id":"https:\/\/tagumedica.com\/en\/#website"},"datePublished":"2021-09-02T20:05:21+00:00","dateModified":"2021-09-02T20:05:23+00:00","breadcrumb":{"@id":"https:\/\/tagumedica.com\/en\/shopping-cart\/#breadcrumb"},"inLanguage":"en-US","potentialAction":[{"@type":"ReadAction","target":["https:\/\/tagumedica.com\/en\/shopping-cart\/"]}]},{"@type":"BreadcrumbList","@id":"https:\/\/tagumedica.com\/en\/shopping-cart\/#breadcrumb","itemListElement":[{"@type":"ListItem","position":1,"name":"Portada","item":"https:\/\/tagumedica.com\/en\/"},{"@type":"ListItem","position":2,"name":"Shopping cart"}]},{"@type":"WebSite","@id":"https:\/\/tagumedica.com\/en\/#website","url":"https:\/\/tagumedica.com\/en\/","name":"Tagumedica","description":"Soluciones m\u00e9dicas de \u00faltima generaci\u00f3n para cirug\u00edas","publisher":{"@id":"https:\/\/tagumedica.com\/en\/#organization"},"potentialAction":[{"@type":"SearchAction","target":{"@type":"EntryPoint","urlTemplate":"https:\/\/tagumedica.com\/en\/?s={search_term_string}"},"query-input":{"@type":"PropertyValueSpecification","valueRequired":true,"valueName":"search_term_string"}}],"inLanguage":"en-US"},{"@type":"Organization","@id":"https:\/\/tagumedica.com\/en\/#organization","name":"Tagumedica","alternateName":"Tagumedica","url":"https:\/\/tagumedica.com\/en\/","logo":{"@type":"ImageObject","inLanguage":"en-US","@id":"https:\/\/tagumedica.com\/en\/#\/schema\/logo\/image\/","url":"https:\/\/tagumedica.com\/wp-content\/uploads\/2023\/04\/Tagumedica-logotipo.png","contentUrl":"https:\/\/tagumedica.com\/wp-content\/uploads\/2023\/04\/Tagumedica-logotipo.png","width":380,"height":150,"caption":"Tagumedica"},"image":{"@id":"https:\/\/tagumedica.com\/en\/#\/schema\/logo\/image\/"},"sameAs":["https:\/\/www.facebook.com\/tagumedica\/","https:\/\/www.instagram.com\/tagumedica\/","https:\/\/www.youtube.com\/channel\/UCUl698cTwJbTfeI_cHVmJJQ"]}]}},"_links":{"self":[{"href":"https:\/\/tagumedica.com\/en\/wp-json\/wp\/v2\/pages\/5148","targetHints":{"allow":["GET"]}}],"collection":[{"href":"https:\/\/tagumedica.com\/en\/wp-json\/wp\/v2\/pages"}],"about":[{"href":"https:\/\/tagumedica.com\/en\/wp-json\/wp\/v2\/types\/page"}],"author":[{"embeddable":true,"href":"https:\/\/tagumedica.com\/en\/wp-json\/wp\/v2\/users\/3"}],"replies":[{"embeddable":true,"href":"https:\/\/tagumedica.com\/en\/wp-json\/wp\/v2\/comments?post=5148"}],"version-history":[{"count":0,"href":"https:\/\/tagumedica.com\/en\/wp-json\/wp\/v2\/pages\/5148\/revisions"}],"wp:attachment":[{"href":"https:\/\/tagumedica.com\/en\/wp-json\/wp\/v2\/media?parent=5148"}],"curies":[{"name":"wp","href":"https:\/\/api.w.org\/{rel}","templated":true}]}}