{"id":5614,"date":"2021-06-09T21:20:38","date_gmt":"2021-06-10T02:20:38","guid":{"rendered":"https:\/\/tagumedica.com\/cookies-policy\/"},"modified":"2021-09-21T06:29:38","modified_gmt":"2021-09-21T06:29:38","slug":"cookies-policy","status":"publish","type":"page","link":"https:\/\/tagumedica.com\/en\/cookies-policy\/","title":{"rendered":"Cookies policy"},"content":{"rendered":"\t\t<div data-elementor-type=\"wp-page\" data-elementor-id=\"5614\" class=\"elementor elementor-5614 elementor-3293\" data-elementor-post-type=\"page\">\n\t\t\t\t\t\t<section class=\"elementor-section elementor-top-section elementor-element elementor-element-7a725f6e elementor-section-boxed elementor-section-height-default elementor-section-height-default\" data-id=\"7a725f6e\" data-element_type=\"section\" data-e-type=\"section\">\n\t\t\t\t\t\t<div class=\"elementor-container elementor-column-gap-default\">\n\t\t\t\t\t<div class=\"elementor-column elementor-col-100 elementor-top-column elementor-element elementor-element-3c728a16\" data-id=\"3c728a16\" data-element_type=\"column\" data-e-type=\"column\">\n\t\t\t<div class=\"elementor-widget-wrap elementor-element-populated\">\n\t\t\t\t\t\t<div class=\"elementor-element elementor-element-7ba2c30 elementor-widget elementor-widget-heading\" data-id=\"7ba2c30\" data-element_type=\"widget\" data-e-type=\"widget\" data-widget_type=\"heading.default\">\n\t\t\t\t<div class=\"elementor-widget-container\">\n\t\t\t\t\t<h1 class=\"elementor-heading-title elementor-size-default\">Cookies policy<\/h1>\t\t\t\t<\/div>\n\t\t\t\t<\/div>\n\t\t\t\t<div class=\"elementor-element elementor-element-21a463da elementor-widget elementor-widget-text-editor\" data-id=\"21a463da\" data-element_type=\"widget\" data-e-type=\"widget\" data-widget_type=\"text-editor.default\">\n\t\t\t\t<div class=\"elementor-widget-container\">\n\t\t\t\t\t\t\t\t\t<p><\/p>\n<p><strong>TAGUMEDICA S.A., <\/strong>(en adelante, \u201c<strong>TAGUMEDICA<\/strong>\u201d) debidamente identificada con RUC N\u00b0 20503662869 domiciliada en Av. Maquinarias 2414 Cercado, Lima &#8211; Per\u00fa, pone a disposici\u00f3n de todos nuestros clientes o usuarios web este documento el cual contiene nuestra Pol\u00edtica de Cookies, la cual regula el sitio web con URL www.tagumedica.com (en adelante, el \u201cSitio Web\u201d), con el objetivo de garantizar la privacidad de los clientes o usuarios web, en adelante el \u201cUsuario\u201d.<\/p>\n<p><\/p>\n<p><\/p>\n<p>Informamos al Usuario que en el Sitio Web utilizamos cookies, tanto propias como de terceros. Estas cookies nos permiten facilitar el uso y navegaci\u00f3n, garantizar el acceso a determinadas funcionalidades y adicionalmente, nos ayudan a mejorar la calidad del sitio Web de acuerdo con los h\u00e1bitos y estilos de navegaci\u00f3n del Usuario.<\/p>\n<p><\/p>\n<p><\/p>\n<ol>\n<li><strong>\u00bfQu\u00e9 son las cookies?<\/strong><\/li>\n<\/ol>\n<p><\/p>\n<p><\/p>\n<p>Una cookie es un fichero que se descarga en su ordenador al acceder a determinadas p\u00e1ginas web. Las cookies permiten a una p\u00e1gina web, entre otras cosas, almacenar y recuperar informaci\u00f3n sobre los h\u00e1bitos de navegaci\u00f3n de un usuario o de su equipo y, dependiendo de la informaci\u00f3n que contengan y de la forma en que utilice su equipo, pueden utilizarse para reconocer al usuario.<\/p>\n<p><\/p>\n<p><\/p>\n<ol start=\"2\">\n<li><strong>\u00bfCu\u00e1l es el uso de las cookies?<\/strong><\/li>\n<\/ol>\n<p><\/p>\n<p><\/p>\n<p>Las cookies sirven para reconocer el dispositivo del Usuario cuando vuelve a visitar el Sitio Web, facilit\u00e1ndole su uso recordando sus preferencias y configuraci\u00f3n de navegaci\u00f3n (p. ej. Idioma, pa\u00eds, etc.).<\/p>\n<p><\/p>\n<p><\/p>\n<p>Tambi\u00e9n sirven para mejorar los servicios que ofrecemos y para poder recopilar informaci\u00f3n estad\u00edstica que nos permite entender c\u00f3mo los Clientes o usuarios utilizan nuestro Web y nos ayudan a mejorar su estructura y contenidos.<\/p>\n<p><\/p>\n<p><\/p>\n<p>Algunas cookies son estrictamente necesarias para que el Sitio Web funcione correctamente y otras sirven para mejorar el rendimiento y su experiencia como usuario, as\u00ed como para las funcionalidades propias de marketing.<\/p>\n<p><\/p>\n<p><\/p>\n<p>Las cookies se asocian \u00fanicamente a un Usuario an\u00f3nimo y su dispositivo de acceso a Internet y, normalmente, no proporcionan referencias que permitan deducir datos personales del Usuario. Las cookies no pueden da\u00f1ar su dispositivo y adem\u00e1s son muy \u00fatiles, puesto que nos ayudan a identificar y resolver errores. Sin perjuicio de ello, algunas cookies pueden contener informaci\u00f3n personal<strong>.<\/strong><\/p>\n<p><\/p>\n<p><\/p>\n<p>El Usuario podr\u00e1 encontrar la informaci\u00f3n respecto de las cookies implementadas por <strong>TAGUMEDICA<\/strong>, en el Anexo de la presente Pol\u00edtica.<\/p>\n<p><\/p>\n<p><\/p>\n<ol start=\"3\">\n<li><strong>\u00bfSe pueden eliminar las cookies?<\/strong><\/li>\n<\/ol>\n<p><\/p>\n<p><\/p>\n<p>S\u00ed. No s\u00f3lo eliminar, tambi\u00e9n bloquear, de forma general o particular para un dominio espec\u00edfico. Para eliminar las cookies de un sitio web debe ir a la configuraci\u00f3n de su navegador y all\u00ed podr\u00e1 buscar las asociadas al dominio en cuesti\u00f3n y proceder a su eliminaci\u00f3n.<\/p>\n<p><\/p>\n<p><\/p>\n<p>Para bloquear o deshabilitar las cookies el Usuario deber\u00e1 activar la configuraci\u00f3n del navegador, de manera que se rechace la instalaci\u00f3n de todas las cookies o de algunas de ellas. En la pr\u00e1ctica la mayor\u00eda de los navegadores permiten advertir la presencia de cookies o rechazarlas autom\u00e1ticamente. Si son rechazadas se podr\u00e1 seguir usando nuestro Web, aunque el uso de algunos de sus servicios podr\u00e1 ser limitado y por tanto la experiencia del usuario puede ser menos satisfactoria.<\/p>\n<p><\/p>\n<p><\/p>\n<ol start=\"4\">\n<li><strong>\u00bfC\u00f3mo se gestionan las cookies?<\/strong><\/li>\n<\/ol>\n<p><\/p>\n<p><\/p>\n<p>Proporcionando esta pol\u00edtica, <strong>TAGUMEDICA<\/strong> expone al Usuario el compromiso adquirido sobre el uso de cookies, d\u00e1ndole acceso a informaci\u00f3n para que el Usuario pueda comprender qu\u00e9 tipo de cookies utilizamos y por qu\u00e9 lo hacemos. Con esto, pretendemos proporcionarle transparencia en cuanto a los datos tratados acerca de la navegaci\u00f3n realizada desde su equipo en el Sitio Web.<\/p>\n<p><\/p>\n<p><\/p>\n<p>Si acepta las cookies, nos permite la mejora del sitio Web de <strong>TAGUMEDICA<\/strong> para ofrecerle un acceso \u00f3ptimo y darle un servicio m\u00e1s eficaz y personalizado. Adem\u00e1s, el Usuario puede configurar su navegador para establecer que s\u00f3lo los sitios Web de confianza o las p\u00e1ginas por las que est\u00e1 navegando en este momento puedan gestionar cookies lo que le permite seleccionar sus preferencias.<\/p>\n<p><\/p>\n<p><\/p>\n<p>Si el Usuario decide no autorizar el tratamiento indic\u00e1ndonos su no conformidad, s\u00f3lo usar\u00edamos las cookies necesarias, puesto que son imprescindibles para la navegaci\u00f3n por nuestro Web. En este caso, no almacenar\u00edamos ninguna cookie. En el caso de seguir navegando por nuestro sitio Web sin denegar su autorizaci\u00f3n implica que acepta su uso.<\/p>\n<p><\/p>\n<p><\/p>\n<p>Tenga en cuenta que, si rechaza o borra las cookies de navegaci\u00f3n por el sitio Web, no podremos mantener sus preferencias, algunas caracter\u00edsticas de las p\u00e1ginas no estar\u00e1n operativas, no podremos ofrecerle servicios personalizados y cada vez que vaya a navegar por nuestra Web tendremos que solicitarle de nuevo su autorizaci\u00f3n para el uso de cookies.<\/p>\n<p><\/p>\n<p><\/p>\n<p>Si, aun as\u00ed, decide modificar la configuraci\u00f3n de su acceso al sitio Web, debe saber que es posible eliminar las cookies o impedir que se registre esta informaci\u00f3n en su equipo en cualquier momento mediante la modificaci\u00f3n de los par\u00e1metros de configuraci\u00f3n de su navegador.<\/p>\n<ol start=\"5\">\n<li>\n<h6><strong>Protecci\u00f3n de datos personales<\/strong><\/h6>\n<\/li>\n<\/ol>\n<p>Asimismo, se le comunica que <strong>TAGUMEDICA<\/strong> podr\u00e1 compartir y encargar el tratamiento de sus datos personales a organizaci\u00f3n o personas directamente relacionadas, empresas prestadoras de servicios en la nube y empresas dedicadas a la publicidad o marketing.<\/p>\n<p>Se deja constancia que: (i) el detalle de los terceros con acceso a los datos personales y cualquier variaci\u00f3n de estos ser\u00e1 actualizada en la Pol\u00edtica de Privacidad General ubicada en nuestro Sitio Web; (ii) la autorizaci\u00f3n del Usuario es necesaria para cumplir con las finalidades antes indicadas; y, (iii) se podr\u00e1 ejercer los derechos previstos en la Ley N\u00b0 29733, presentando una solicitud en la direcci\u00f3n Av. Maquinarias 2414 Cercado, Lima \u2013 Per\u00fa <strong>&#8211; Per\u00fa<\/strong> con el asunto &#8220;Derechos Datos Personales&#8221;.<\/p>\n<p>En caso, considere que no ha sido atendido, podr\u00e1 presentar una reclamaci\u00f3n ante la Autoridad Nacional de Protecci\u00f3n de Datos Personales, dirigi\u00e9ndose a la Mesa de Partes del Ministerio de Justicia y Derechos Humanos ubicado en Calle Scipi\u00f3n Llona N\u00b0 350, Miraflores, Lima, Per\u00fa.<\/p>\n<p><span style=\"color: inherit; font-family: inherit; font-size: 1rem;\">\u00a0 \u00a0 \u00a06. <strong>Vigencia<\/strong><\/span><strong style=\"color: inherit; font-family: inherit; font-size: 1rem;\"> y modificaci\u00f3n de la Pol\u00edtica de Cookies<\/strong><\/p>\n<p><\/p>\n<p><\/p>\n<p>La Pol\u00edtica de cookies Web de <strong>TAGUMEDICA<\/strong> ha sido actualizada el 07 del mes de junio 2021.<\/p>\n<p><\/p>\n<p><\/p>\n<p><strong>TAGUMEDICA<\/strong> puede modificar esta Pol\u00edtica de Cookies en funci\u00f3n de exigencias legislativas, reglamentarias, jurisprudenciales o con la finalidad de adaptar dicha pol\u00edtica a las instrucciones dictadas por la Autoridad Nacional de Protecci\u00f3n de Datos Personales, as\u00ed como por criterios propios empresariales.<\/p>\n<p><\/p>\n<p><\/p>\n<p>Por ello, y dado que dicha pol\u00edtica puede ser actualizada peri\u00f3dicamente, sugerimos a nuestros usuarios que la revisen de forma regular y que la encontrar\u00e1n en el sitio Web.<\/p>\n<p><\/p>\n<p><\/p>\n<p><strong>ANEXO<\/strong><\/p>\n<p><\/p>\n<p><\/p>\n<figure class=\"wp-block-table\">\n<table>\n<tbody>\n<tr>\n<td><strong>MATRIZ COOKIES<\/strong><\/td>\n<\/tr>\n<tr>\n<td><strong>DENOMINACI\u00d3N<\/strong><\/td>\n<td><strong>FUNCIONABILIDAD<\/strong><\/td>\n<td><strong>CADUCIDAD<\/strong><\/td>\n<td><strong>TIPO DE COOKIE<\/strong><\/td>\n<\/tr>\n<tr>\n<td>_ga<\/td>\n<td>An\u00e1lisis de datos (Google Analytics)<\/td>\n<td>2 a\u00f1os<\/td>\n<td>Data analytics<\/td>\n<\/tr>\n<tr>\n<td>_gid<\/td>\n<td>An\u00e1lisis de datos (Google Analytics)<\/td>\n<td>24 horas<\/td>\n<td>Data analytics<\/td>\n<\/tr>\n<tr>\n<td>cookie_notice_accepted<\/td>\n<td>Aceptaci\u00f3n del uso de cookies<\/td>\n<td>1 mes<\/td>\n<td>Boolean<\/td>\n<\/tr>\n<\/tbody>\n<\/table>\n<\/figure>\n<p><\/p>\n\t\t\t\t\t\t\t\t<\/div>\n\t\t\t\t<\/div>\n\t\t\t\t\t<\/div>\n\t\t<\/div>\n\t\t\t\t\t<\/div>\n\t\t<\/section>\n\t\t\t\t<\/div>\n\t\t","protected":false},"excerpt":{"rendered":"<p>TAGUMEDICA S.A., (en adelante, \u201cTAGUMEDICA\u201d) debidamente identificada con RUC N\u00b0 20503662869 domiciliada en Av. Maquinarias 2414 Cercado, Lima &#8211; Per\u00fa, pone a disposici\u00f3n de todos nuestros clientes o usuarios web este documento el cual contiene nuestra Pol\u00edtica de Cookies, la cual regula el sitio web con URL www.tagumedica.com (en adelante, el \u201cSitio Web\u201d), con el [&hellip;]<\/p>\n","protected":false},"author":3,"featured_media":0,"parent":0,"menu_order":0,"comment_status":"closed","ping_status":"closed","template":"","meta":{"_acf_changed":false,"footnotes":""},"class_list":["post-5614","page","type-page","status-publish","hentry"],"acf":[],"yoast_head":"<!-- This site is optimized with the Yoast SEO plugin v26.8 - https:\/\/yoast.com\/product\/yoast-seo-wordpress\/ -->\n<title>Cookies policy - Tagumedica<\/title>\n<meta name=\"robots\" content=\"index, follow, max-snippet:-1, max-image-preview:large, max-video-preview:-1\" \/>\n<link rel=\"canonical\" href=\"https:\/\/tagumedica.com\/en\/cookies-policy\/\" \/>\n<meta property=\"og:locale\" content=\"en_US\" \/>\n<meta property=\"og:type\" content=\"article\" \/>\n<meta property=\"og:title\" content=\"Cookies policy - Tagumedica\" \/>\n<meta property=\"og:description\" content=\"TAGUMEDICA S.A., (en adelante, \u201cTAGUMEDICA\u201d) debidamente identificada con RUC N\u00b0 20503662869 domiciliada en Av. Maquinarias 2414 Cercado, Lima &#8211; Per\u00fa, pone a disposici\u00f3n de todos nuestros clientes o usuarios web este documento el cual contiene nuestra Pol\u00edtica de Cookies, la cual regula el sitio web con URL www.tagumedica.com (en adelante, el \u201cSitio Web\u201d), con el [&hellip;]\" \/>\n<meta property=\"og:url\" content=\"https:\/\/tagumedica.com\/en\/cookies-policy\/\" \/>\n<meta property=\"og:site_name\" content=\"Tagumedica\" \/>\n<meta property=\"article:publisher\" content=\"https:\/\/www.facebook.com\/tagumedica\/\" \/>\n<meta property=\"article:modified_time\" content=\"2021-09-21T06:29:38+00:00\" \/>\n<meta property=\"og:image\" content=\"https:\/\/tagumedica.com\/wp-content\/uploads\/2023\/04\/tagumedica-logo-.jpg\" \/>\n\t<meta property=\"og:image:width\" content=\"1200\" \/>\n\t<meta property=\"og:image:height\" content=\"675\" \/>\n\t<meta property=\"og:image:type\" content=\"image\/jpeg\" \/>\n<script type=\"application\/ld+json\" class=\"yoast-schema-graph\">{\"@context\":\"https:\/\/schema.org\",\"@graph\":[{\"@type\":\"WebPage\",\"@id\":\"https:\/\/tagumedica.com\/en\/cookies-policy\/\",\"url\":\"https:\/\/tagumedica.com\/en\/cookies-policy\/\",\"name\":\"Cookies policy - Tagumedica\",\"isPartOf\":{\"@id\":\"https:\/\/tagumedica.com\/en\/#website\"},\"datePublished\":\"2021-06-10T02:20:38+00:00\",\"dateModified\":\"2021-09-21T06:29:38+00:00\",\"breadcrumb\":{\"@id\":\"https:\/\/tagumedica.com\/en\/cookies-policy\/#breadcrumb\"},\"inLanguage\":\"en-US\",\"potentialAction\":[{\"@type\":\"ReadAction\",\"target\":[\"https:\/\/tagumedica.com\/en\/cookies-policy\/\"]}]},{\"@type\":\"BreadcrumbList\",\"@id\":\"https:\/\/tagumedica.com\/en\/cookies-policy\/#breadcrumb\",\"itemListElement\":[{\"@type\":\"ListItem\",\"position\":1,\"name\":\"Portada\",\"item\":\"https:\/\/tagumedica.com\/en\/\"},{\"@type\":\"ListItem\",\"position\":2,\"name\":\"Cookies policy\"}]},{\"@type\":\"WebSite\",\"@id\":\"https:\/\/tagumedica.com\/en\/#website\",\"url\":\"https:\/\/tagumedica.com\/en\/\",\"name\":\"Tagumedica\",\"description\":\"Soluciones m\u00e9dicas de \u00faltima generaci\u00f3n para cirug\u00edas\",\"publisher\":{\"@id\":\"https:\/\/tagumedica.com\/en\/#organization\"},\"potentialAction\":[{\"@type\":\"SearchAction\",\"target\":{\"@type\":\"EntryPoint\",\"urlTemplate\":\"https:\/\/tagumedica.com\/en\/?s={search_term_string}\"},\"query-input\":{\"@type\":\"PropertyValueSpecification\",\"valueRequired\":true,\"valueName\":\"search_term_string\"}}],\"inLanguage\":\"en-US\"},{\"@type\":\"Organization\",\"@id\":\"https:\/\/tagumedica.com\/en\/#organization\",\"name\":\"Tagumedica\",\"alternateName\":\"Tagumedica\",\"url\":\"https:\/\/tagumedica.com\/en\/\",\"logo\":{\"@type\":\"ImageObject\",\"inLanguage\":\"en-US\",\"@id\":\"https:\/\/tagumedica.com\/en\/#\/schema\/logo\/image\/\",\"url\":\"https:\/\/tagumedica.com\/wp-content\/uploads\/2023\/04\/Tagumedica-logotipo.png\",\"contentUrl\":\"https:\/\/tagumedica.com\/wp-content\/uploads\/2023\/04\/Tagumedica-logotipo.png\",\"width\":380,\"height\":150,\"caption\":\"Tagumedica\"},\"image\":{\"@id\":\"https:\/\/tagumedica.com\/en\/#\/schema\/logo\/image\/\"},\"sameAs\":[\"https:\/\/www.facebook.com\/tagumedica\/\",\"https:\/\/www.instagram.com\/tagumedica\/\",\"https:\/\/www.youtube.com\/channel\/UCUl698cTwJbTfeI_cHVmJJQ\"]}]}<\/script>\n<!-- \/ Yoast SEO plugin. -->","yoast_head_json":{"title":"Cookies policy - Tagumedica","robots":{"index":"index","follow":"follow","max-snippet":"max-snippet:-1","max-image-preview":"max-image-preview:large","max-video-preview":"max-video-preview:-1"},"canonical":"https:\/\/tagumedica.com\/en\/cookies-policy\/","og_locale":"en_US","og_type":"article","og_title":"Cookies policy - Tagumedica","og_description":"TAGUMEDICA S.A., (en adelante, \u201cTAGUMEDICA\u201d) debidamente identificada con RUC N\u00b0 20503662869 domiciliada en Av. Maquinarias 2414 Cercado, Lima &#8211; Per\u00fa, pone a disposici\u00f3n de todos nuestros clientes o usuarios web este documento el cual contiene nuestra Pol\u00edtica de Cookies, la cual regula el sitio web con URL www.tagumedica.com (en adelante, el \u201cSitio Web\u201d), con el [&hellip;]","og_url":"https:\/\/tagumedica.com\/en\/cookies-policy\/","og_site_name":"Tagumedica","article_publisher":"https:\/\/www.facebook.com\/tagumedica\/","article_modified_time":"2021-09-21T06:29:38+00:00","og_image":[{"width":1200,"height":675,"url":"https:\/\/tagumedica.com\/wp-content\/uploads\/2023\/04\/tagumedica-logo-.jpg","type":"image\/jpeg"}],"schema":{"@context":"https:\/\/schema.org","@graph":[{"@type":"WebPage","@id":"https:\/\/tagumedica.com\/en\/cookies-policy\/","url":"https:\/\/tagumedica.com\/en\/cookies-policy\/","name":"Cookies policy - Tagumedica","isPartOf":{"@id":"https:\/\/tagumedica.com\/en\/#website"},"datePublished":"2021-06-10T02:20:38+00:00","dateModified":"2021-09-21T06:29:38+00:00","breadcrumb":{"@id":"https:\/\/tagumedica.com\/en\/cookies-policy\/#breadcrumb"},"inLanguage":"en-US","potentialAction":[{"@type":"ReadAction","target":["https:\/\/tagumedica.com\/en\/cookies-policy\/"]}]},{"@type":"BreadcrumbList","@id":"https:\/\/tagumedica.com\/en\/cookies-policy\/#breadcrumb","itemListElement":[{"@type":"ListItem","position":1,"name":"Portada","item":"https:\/\/tagumedica.com\/en\/"},{"@type":"ListItem","position":2,"name":"Cookies policy"}]},{"@type":"WebSite","@id":"https:\/\/tagumedica.com\/en\/#website","url":"https:\/\/tagumedica.com\/en\/","name":"Tagumedica","description":"Soluciones m\u00e9dicas de \u00faltima generaci\u00f3n para cirug\u00edas","publisher":{"@id":"https:\/\/tagumedica.com\/en\/#organization"},"potentialAction":[{"@type":"SearchAction","target":{"@type":"EntryPoint","urlTemplate":"https:\/\/tagumedica.com\/en\/?s={search_term_string}"},"query-input":{"@type":"PropertyValueSpecification","valueRequired":true,"valueName":"search_term_string"}}],"inLanguage":"en-US"},{"@type":"Organization","@id":"https:\/\/tagumedica.com\/en\/#organization","name":"Tagumedica","alternateName":"Tagumedica","url":"https:\/\/tagumedica.com\/en\/","logo":{"@type":"ImageObject","inLanguage":"en-US","@id":"https:\/\/tagumedica.com\/en\/#\/schema\/logo\/image\/","url":"https:\/\/tagumedica.com\/wp-content\/uploads\/2023\/04\/Tagumedica-logotipo.png","contentUrl":"https:\/\/tagumedica.com\/wp-content\/uploads\/2023\/04\/Tagumedica-logotipo.png","width":380,"height":150,"caption":"Tagumedica"},"image":{"@id":"https:\/\/tagumedica.com\/en\/#\/schema\/logo\/image\/"},"sameAs":["https:\/\/www.facebook.com\/tagumedica\/","https:\/\/www.instagram.com\/tagumedica\/","https:\/\/www.youtube.com\/channel\/UCUl698cTwJbTfeI_cHVmJJQ"]}]}},"_links":{"self":[{"href":"https:\/\/tagumedica.com\/en\/wp-json\/wp\/v2\/pages\/5614","targetHints":{"allow":["GET"]}}],"collection":[{"href":"https:\/\/tagumedica.com\/en\/wp-json\/wp\/v2\/pages"}],"about":[{"href":"https:\/\/tagumedica.com\/en\/wp-json\/wp\/v2\/types\/page"}],"author":[{"embeddable":true,"href":"https:\/\/tagumedica.com\/en\/wp-json\/wp\/v2\/users\/3"}],"replies":[{"embeddable":true,"href":"https:\/\/tagumedica.com\/en\/wp-json\/wp\/v2\/comments?post=5614"}],"version-history":[{"count":0,"href":"https:\/\/tagumedica.com\/en\/wp-json\/wp\/v2\/pages\/5614\/revisions"}],"wp:attachment":[{"href":"https:\/\/tagumedica.com\/en\/wp-json\/wp\/v2\/media?parent=5614"}],"curies":[{"name":"wp","href":"https:\/\/api.w.org\/{rel}","templated":true}]}}