{"id":9875,"date":"2026-04-28T18:44:32","date_gmt":"2026-04-28T23:44:32","guid":{"rendered":"https:\/\/tagumedica.com\/integrated-management-system-ims\/"},"modified":"2026-04-28T21:30:40","modified_gmt":"2026-04-29T02:30:40","slug":"integrated-management-system-ims","status":"publish","type":"page","link":"https:\/\/tagumedica.com\/en\/integrated-management-system-ims\/","title":{"rendered":"Integrated Management System (IMS)"},"content":{"rendered":"\t\t<div data-elementor-type=\"wp-page\" data-elementor-id=\"9875\" class=\"elementor elementor-9875 elementor-9833\" data-elementor-post-type=\"page\">\n\t\t\t\t\t\t<section class=\"elementor-section elementor-top-section elementor-element elementor-element-d1d3913 elementor-section-boxed elementor-section-height-default elementor-section-height-default\" data-id=\"d1d3913\" data-element_type=\"section\" data-e-type=\"section\">\n\t\t\t\t\t\t<div class=\"elementor-container elementor-column-gap-default\">\n\t\t\t\t\t<div class=\"elementor-column elementor-col-100 elementor-top-column elementor-element elementor-element-d5f04bf\" data-id=\"d5f04bf\" data-element_type=\"column\" data-e-type=\"column\">\n\t\t\t<div class=\"elementor-widget-wrap\">\n\t\t\t\t\t\t\t<\/div>\n\t\t<\/div>\n\t\t\t\t\t<\/div>\n\t\t<\/section>\n\t\t\t\t<section class=\"elementor-section elementor-top-section elementor-element elementor-element-df27656 elementor-section-full_width elementor-section-height-default elementor-section-height-default\" data-id=\"df27656\" data-element_type=\"section\" data-e-type=\"section\">\n\t\t\t\t\t\t<div class=\"elementor-container elementor-column-gap-default\">\n\t\t\t\t\t<div class=\"elementor-column elementor-col-100 elementor-top-column elementor-element elementor-element-06d8e52\" data-id=\"06d8e52\" data-element_type=\"column\" data-e-type=\"column\">\n\t\t\t<div class=\"elementor-widget-wrap elementor-element-populated\">\n\t\t\t\t\t\t<div class=\"elementor-element elementor-element-9eaaf26 elementor-hidden-tablet elementor-hidden-mobile elementor--h-position-center elementor--v-position-middle elementor-widget elementor-widget-slides\" data-id=\"9eaaf26\" data-element_type=\"widget\" data-e-type=\"widget\" data-settings=\"{&quot;navigation&quot;:&quot;none&quot;,&quot;transition&quot;:&quot;fade&quot;,&quot;transition_speed&quot;:500}\" data-widget_type=\"slides.default\">\n\t\t\t\t<div class=\"elementor-widget-container\">\n\t\t\t\t\t\t\t\t\t<div class=\"elementor-swiper\">\n\t\t\t\t\t<div class=\"elementor-slides-wrapper elementor-main-swiper swiper\" role=\"region\" aria-roledescription=\"carousel\" aria-label=\"Diapositivas\" dir=\"ltr\" data-animation=\"\">\n\t\t\t\t<div class=\"swiper-wrapper elementor-slides\">\n\t\t\t\t\t\t\t\t\t\t<div class=\"elementor-repeater-item-a9f3eec swiper-slide\" role=\"group\" aria-roledescription=\"slide\"><div class=\"swiper-slide-bg\" role=\"img\" aria-label=\"BANNER 1920 X 500 - ISOS - FINAL - ES_DESKTOP--PC\"><\/div><div class=\"swiper-slide-inner\" ><div class=\"swiper-slide-contents\"><\/div><\/div><\/div>\t\t\t\t<\/div>\n\t\t\t\t\t\t\t<\/div>\n\t\t\t\t<\/div>\n\t\t\t\t\t\t\t\t<\/div>\n\t\t\t\t<\/div>\n\t\t\t\t<div class=\"elementor-element elementor-element-3ce534f elementor-hidden-desktop elementor--h-position-center elementor--v-position-middle elementor-widget elementor-widget-slides\" data-id=\"3ce534f\" data-element_type=\"widget\" data-e-type=\"widget\" data-settings=\"{&quot;navigation&quot;:&quot;none&quot;,&quot;transition&quot;:&quot;fade&quot;,&quot;transition_speed&quot;:500}\" data-widget_type=\"slides.default\">\n\t\t\t\t<div class=\"elementor-widget-container\">\n\t\t\t\t\t\t\t\t\t<div class=\"elementor-swiper\">\n\t\t\t\t\t<div class=\"elementor-slides-wrapper elementor-main-swiper swiper\" role=\"region\" aria-roledescription=\"carousel\" aria-label=\"Diapositivas\" dir=\"ltr\" data-animation=\"\">\n\t\t\t\t<div class=\"swiper-wrapper elementor-slides\">\n\t\t\t\t\t\t\t\t\t\t<div class=\"elementor-repeater-item-a9f3eec swiper-slide\" role=\"group\" aria-roledescription=\"slide\"><div class=\"swiper-slide-bg\" role=\"img\" aria-label=\"BANNER 1920 X 500 - ISOS - FINAL - ES_MOVIL\"><\/div><div class=\"swiper-slide-inner\" ><div class=\"swiper-slide-contents\"><\/div><\/div><\/div>\t\t\t\t<\/div>\n\t\t\t\t\t\t\t<\/div>\n\t\t\t\t<\/div>\n\t\t\t\t\t\t\t\t<\/div>\n\t\t\t\t<\/div>\n\t\t\t\t\t<\/div>\n\t\t<\/div>\n\t\t\t\t\t<\/div>\n\t\t<\/section>\n\t\t\t\t<section class=\"elementor-section elementor-top-section elementor-element elementor-element-68e6fa3 elementor-section-boxed elementor-section-height-default elementor-section-height-default\" data-id=\"68e6fa3\" data-element_type=\"section\" data-e-type=\"section\">\n\t\t\t\t\t\t<div class=\"elementor-container elementor-column-gap-default\">\n\t\t\t\t\t<div class=\"elementor-column elementor-col-100 elementor-top-column elementor-element elementor-element-6fc40c6\" data-id=\"6fc40c6\" data-element_type=\"column\" data-e-type=\"column\">\n\t\t\t<div class=\"elementor-widget-wrap elementor-element-populated\">\n\t\t\t\t\t\t<div class=\"elementor-element elementor-element-697f633 elementor-widget elementor-widget-heading\" data-id=\"697f633\" data-element_type=\"widget\" data-e-type=\"widget\" data-widget_type=\"heading.default\">\n\t\t\t\t<div class=\"elementor-widget-container\">\n\t\t\t\t\t<h2 class=\"elementor-heading-title elementor-size-default\">Integrated Management System (IMS).<\/h2>\t\t\t\t<\/div>\n\t\t\t\t<\/div>\n\t\t\t\t<div class=\"elementor-element elementor-element-ecbdfe2 elementor-widget elementor-widget-text-editor\" data-id=\"ecbdfe2\" data-element_type=\"widget\" data-e-type=\"widget\" data-widget_type=\"text-editor.default\">\n\t\t\t\t<div class=\"elementor-widget-container\">\n\t\t\t\t\t\t\t\t\t<p>Guidelines that govern our work:<\/p>\n\t\t\t\t\t\t\t\t<\/div>\n\t\t\t\t<\/div>\n\t\t\t\t\t<\/div>\n\t\t<\/div>\n\t\t\t\t\t<\/div>\n\t\t<\/section>\n\t\t\t\t<section class=\"elementor-section elementor-top-section elementor-element elementor-element-72538c4 elementor-section-boxed elementor-section-height-default elementor-section-height-default\" data-id=\"72538c4\" data-element_type=\"section\" data-e-type=\"section\">\n\t\t\t\t\t\t<div class=\"elementor-container elementor-column-gap-default\">\n\t\t\t\t\t<div class=\"elementor-column elementor-col-25 elementor-top-column elementor-element elementor-element-e9c5be2\" data-id=\"e9c5be2\" data-element_type=\"column\" data-e-type=\"column\">\n\t\t\t<div class=\"elementor-widget-wrap\">\n\t\t\t\t\t\t\t<\/div>\n\t\t<\/div>\n\t\t\t\t<div class=\"elementor-column elementor-col-25 elementor-top-column elementor-element elementor-element-09fe5f1\" data-id=\"09fe5f1\" data-element_type=\"column\" data-e-type=\"column\">\n\t\t\t<div class=\"elementor-widget-wrap elementor-element-populated\">\n\t\t\t\t\t\t<div class=\"elementor-element elementor-element-8ed4f3f elementor-widget__width-initial elementor-widget elementor-widget-image\" data-id=\"8ed4f3f\" data-element_type=\"widget\" data-e-type=\"widget\" data-widget_type=\"image.default\">\n\t\t\t\t<div class=\"elementor-widget-container\">\n\t\t\t\t\t\t\t\t\t\t\t\t\t\t\t<img decoding=\"async\" width=\"150\" height=\"150\" src=\"https:\/\/tagumedica.com\/wp-content\/uploads\/2026\/04\/pdf-download-150x150.jpg\" class=\"attachment-thumbnail size-thumbnail wp-image-9847\" alt=\"\" srcset=\"https:\/\/tagumedica.com\/wp-content\/uploads\/2026\/04\/pdf-download-150x150.jpg 150w, https:\/\/tagumedica.com\/wp-content\/uploads\/2026\/04\/pdf-download-300x300.jpg 300w, https:\/\/tagumedica.com\/wp-content\/uploads\/2026\/04\/pdf-download-1024x1024.jpg 1024w, https:\/\/tagumedica.com\/wp-content\/uploads\/2026\/04\/pdf-download-768x768.jpg 768w, https:\/\/tagumedica.com\/wp-content\/uploads\/2026\/04\/pdf-download-1536x1536.jpg 1536w, https:\/\/tagumedica.com\/wp-content\/uploads\/2026\/04\/pdf-download-600x600.jpg 600w, https:\/\/tagumedica.com\/wp-content\/uploads\/2026\/04\/pdf-download-100x100.jpg 100w, https:\/\/tagumedica.com\/wp-content\/uploads\/2026\/04\/pdf-download-64x64.jpg 64w, https:\/\/tagumedica.com\/wp-content\/uploads\/2026\/04\/pdf-download.jpg 1600w\" sizes=\"(max-width: 150px) 100vw, 150px\" \/>\t\t\t\t\t\t\t\t\t\t\t\t\t\t\t<\/div>\n\t\t\t\t<\/div>\n\t\t\t\t<div class=\"elementor-element elementor-element-831c531 elementor-widget elementor-widget-text-editor\" data-id=\"831c531\" data-element_type=\"widget\" data-e-type=\"widget\" data-widget_type=\"text-editor.default\">\n\t\t\t\t<div class=\"elementor-widget-container\">\n\t\t\t\t\t\t\t\t\t<p>F79-ASC- ANTI-BRIBERY MANAGEMENT SYSTEM POLICY ISO 37001_V01<\/p>\n\t\t\t\t\t\t\t\t<\/div>\n\t\t\t\t<\/div>\n\t\t\t\t<div class=\"elementor-element elementor-element-8c56e1a elementor-align-left elementor-mobile-align-center elementor-widget elementor-widget-button\" data-id=\"8c56e1a\" data-element_type=\"widget\" data-e-type=\"widget\" data-widget_type=\"button.default\">\n\t\t\t\t<div class=\"elementor-widget-container\">\n\t\t\t\t\t\t\t\t\t<div class=\"elementor-button-wrapper\">\n\t\t\t\t\t<a class=\"elementor-button elementor-button-link elementor-size-sm\" href=\"https:\/\/tagumedica.com\/wp-content\/uploads\/2026\/04\/F79-ASC-POLITICA-DEL-SISTEMA-DE-GESTION-ANTISOBORNO-ISO-37001_V01.pdf\" target=\"_blank\">\n\t\t\t\t\t\t<span class=\"elementor-button-content-wrapper\">\n\t\t\t\t\t\t<span class=\"elementor-button-icon\">\n\t\t\t\t<i aria-hidden=\"true\" class=\"far fa-file-pdf\"><\/i>\t\t\t<\/span>\n\t\t\t\t\t\t\t\t\t<span class=\"elementor-button-text\">View Policy<\/span>\n\t\t\t\t\t<\/span>\n\t\t\t\t\t<\/a>\n\t\t\t\t<\/div>\n\t\t\t\t\t\t\t\t<\/div>\n\t\t\t\t<\/div>\n\t\t\t\t\t<\/div>\n\t\t<\/div>\n\t\t\t\t<div class=\"elementor-column elementor-col-25 elementor-top-column elementor-element elementor-element-91e9bdc\" data-id=\"91e9bdc\" data-element_type=\"column\" data-e-type=\"column\">\n\t\t\t<div class=\"elementor-widget-wrap elementor-element-populated\">\n\t\t\t\t\t\t<div class=\"elementor-element elementor-element-c643ff5 elementor-widget__width-initial elementor-widget elementor-widget-image\" data-id=\"c643ff5\" data-element_type=\"widget\" data-e-type=\"widget\" data-widget_type=\"image.default\">\n\t\t\t\t<div class=\"elementor-widget-container\">\n\t\t\t\t\t\t\t\t\t\t\t\t\t\t\t<img decoding=\"async\" width=\"150\" height=\"150\" src=\"https:\/\/tagumedica.com\/wp-content\/uploads\/2026\/04\/pdf-download-150x150.jpg\" class=\"attachment-thumbnail size-thumbnail wp-image-9847\" alt=\"\" srcset=\"https:\/\/tagumedica.com\/wp-content\/uploads\/2026\/04\/pdf-download-150x150.jpg 150w, https:\/\/tagumedica.com\/wp-content\/uploads\/2026\/04\/pdf-download-300x300.jpg 300w, https:\/\/tagumedica.com\/wp-content\/uploads\/2026\/04\/pdf-download-1024x1024.jpg 1024w, https:\/\/tagumedica.com\/wp-content\/uploads\/2026\/04\/pdf-download-768x768.jpg 768w, https:\/\/tagumedica.com\/wp-content\/uploads\/2026\/04\/pdf-download-1536x1536.jpg 1536w, https:\/\/tagumedica.com\/wp-content\/uploads\/2026\/04\/pdf-download-600x600.jpg 600w, https:\/\/tagumedica.com\/wp-content\/uploads\/2026\/04\/pdf-download-100x100.jpg 100w, https:\/\/tagumedica.com\/wp-content\/uploads\/2026\/04\/pdf-download-64x64.jpg 64w, https:\/\/tagumedica.com\/wp-content\/uploads\/2026\/04\/pdf-download.jpg 1600w\" sizes=\"(max-width: 150px) 100vw, 150px\" \/>\t\t\t\t\t\t\t\t\t\t\t\t\t\t\t<\/div>\n\t\t\t\t<\/div>\n\t\t\t\t<div class=\"elementor-element elementor-element-328265f elementor-widget elementor-widget-text-editor\" data-id=\"328265f\" data-element_type=\"widget\" data-e-type=\"widget\" data-widget_type=\"text-editor.default\">\n\t\t\t\t<div class=\"elementor-widget-container\">\n\t\t\t\t\t\t\t\t\t<p>F50-SSM OCCUPATIONAL HEALTH, SAFETY AND ENVIRONMENT POLICY_V04<\/p>\n\t\t\t\t\t\t\t\t<\/div>\n\t\t\t\t<\/div>\n\t\t\t\t<div class=\"elementor-element elementor-element-fb13e18 elementor-align-left elementor-mobile-align-center elementor-widget elementor-widget-button\" data-id=\"fb13e18\" data-element_type=\"widget\" data-e-type=\"widget\" data-widget_type=\"button.default\">\n\t\t\t\t<div class=\"elementor-widget-container\">\n\t\t\t\t\t\t\t\t\t<div class=\"elementor-button-wrapper\">\n\t\t\t\t\t<a class=\"elementor-button elementor-button-link elementor-size-sm\" href=\"https:\/\/tagumedica.com\/wp-content\/uploads\/2026\/04\/F50-SSM-POLITICA-DE-SEGURIDAD-SALUD-OCUPACIONAL-Y-MEDIO-AMBIENTE_V04.pdf\">\n\t\t\t\t\t\t<span class=\"elementor-button-content-wrapper\">\n\t\t\t\t\t\t<span class=\"elementor-button-icon\">\n\t\t\t\t<i aria-hidden=\"true\" class=\"far fa-file-pdf\"><\/i>\t\t\t<\/span>\n\t\t\t\t\t\t\t\t\t<span class=\"elementor-button-text\">View Policy<\/span>\n\t\t\t\t\t<\/span>\n\t\t\t\t\t<\/a>\n\t\t\t\t<\/div>\n\t\t\t\t\t\t\t\t<\/div>\n\t\t\t\t<\/div>\n\t\t\t\t\t<\/div>\n\t\t<\/div>\n\t\t\t\t<div class=\"elementor-column elementor-col-25 elementor-top-column elementor-element elementor-element-32c6131\" data-id=\"32c6131\" data-element_type=\"column\" data-e-type=\"column\">\n\t\t\t<div class=\"elementor-widget-wrap\">\n\t\t\t\t\t\t\t<\/div>\n\t\t<\/div>\n\t\t\t\t\t<\/div>\n\t\t<\/section>\n\t\t\t\t<section class=\"elementor-section elementor-top-section elementor-element elementor-element-512aed8 elementor-section-full_width elementor-section-height-default elementor-section-height-default\" data-id=\"512aed8\" data-element_type=\"section\" data-e-type=\"section\">\n\t\t\t\t\t\t<div class=\"elementor-container elementor-column-gap-default\">\n\t\t\t\t\t<div class=\"elementor-column elementor-col-100 elementor-top-column elementor-element elementor-element-59fb6f6\" data-id=\"59fb6f6\" data-element_type=\"column\" data-e-type=\"column\">\n\t\t\t<div class=\"elementor-widget-wrap\">\n\t\t\t\t\t\t\t<\/div>\n\t\t<\/div>\n\t\t\t\t\t<\/div>\n\t\t<\/section>\n\t\t\t\t<\/div>\n\t\t","protected":false},"excerpt":{"rendered":"<p>Integrated Management System (IMS). Guidelines that govern our work: F79-ASC- ANTI-BRIBERY MANAGEMENT SYSTEM POLICY ISO 37001_V01 View Policy F50-SSM OCCUPATIONAL HEALTH, SAFETY AND ENVIRONMENT POLICY_V04 View Policy<\/p>\n","protected":false},"author":2,"featured_media":0,"parent":0,"menu_order":0,"comment_status":"closed","ping_status":"closed","template":"","meta":{"_acf_changed":false,"footnotes":""},"class_list":["post-9875","page","type-page","status-publish","hentry"],"acf":[],"yoast_head":"<!-- This site is optimized with the Yoast SEO plugin v26.8 - https:\/\/yoast.com\/product\/yoast-seo-wordpress\/ -->\n<title>Integrated Management System (IMS) - Tagumedica<\/title>\n<meta name=\"robots\" content=\"index, follow, max-snippet:-1, max-image-preview:large, max-video-preview:-1\" \/>\n<link rel=\"canonical\" href=\"https:\/\/tagumedica.com\/en\/integrated-management-system-ims\/\" \/>\n<meta property=\"og:locale\" content=\"en_US\" \/>\n<meta property=\"og:type\" content=\"article\" \/>\n<meta property=\"og:title\" content=\"Integrated Management System (IMS) - Tagumedica\" \/>\n<meta property=\"og:description\" content=\"Integrated Management System (IMS). Guidelines that govern our work: F79-ASC- ANTI-BRIBERY MANAGEMENT SYSTEM POLICY ISO 37001_V01 View Policy F50-SSM OCCUPATIONAL HEALTH, SAFETY AND ENVIRONMENT POLICY_V04 View Policy\" \/>\n<meta property=\"og:url\" content=\"https:\/\/tagumedica.com\/en\/integrated-management-system-ims\/\" \/>\n<meta property=\"og:site_name\" content=\"Tagumedica\" \/>\n<meta property=\"article:publisher\" content=\"https:\/\/www.facebook.com\/tagumedica\/\" \/>\n<meta property=\"article:modified_time\" content=\"2026-04-29T02:30:40+00:00\" \/>\n<meta property=\"og:image\" content=\"https:\/\/tagumedica.com\/wp-content\/uploads\/2026\/04\/pdf-download.jpg\" \/>\n\t<meta property=\"og:image:width\" content=\"1600\" \/>\n\t<meta property=\"og:image:height\" content=\"1600\" \/>\n\t<meta property=\"og:image:type\" content=\"image\/jpeg\" \/>\n<script type=\"application\/ld+json\" class=\"yoast-schema-graph\">{\"@context\":\"https:\/\/schema.org\",\"@graph\":[{\"@type\":\"WebPage\",\"@id\":\"https:\/\/tagumedica.com\/en\/integrated-management-system-ims\/\",\"url\":\"https:\/\/tagumedica.com\/en\/integrated-management-system-ims\/\",\"name\":\"Integrated Management System (IMS) - Tagumedica\",\"isPartOf\":{\"@id\":\"https:\/\/tagumedica.com\/en\/#website\"},\"primaryImageOfPage\":{\"@id\":\"https:\/\/tagumedica.com\/en\/integrated-management-system-ims\/#primaryimage\"},\"image\":{\"@id\":\"https:\/\/tagumedica.com\/en\/integrated-management-system-ims\/#primaryimage\"},\"thumbnailUrl\":\"https:\/\/tagumedica.com\/wp-content\/uploads\/2026\/04\/pdf-download-150x150.jpg\",\"datePublished\":\"2026-04-28T23:44:32+00:00\",\"dateModified\":\"2026-04-29T02:30:40+00:00\",\"breadcrumb\":{\"@id\":\"https:\/\/tagumedica.com\/en\/integrated-management-system-ims\/#breadcrumb\"},\"inLanguage\":\"en-US\",\"potentialAction\":[{\"@type\":\"ReadAction\",\"target\":[\"https:\/\/tagumedica.com\/en\/integrated-management-system-ims\/\"]}]},{\"@type\":\"ImageObject\",\"inLanguage\":\"en-US\",\"@id\":\"https:\/\/tagumedica.com\/en\/integrated-management-system-ims\/#primaryimage\",\"url\":\"https:\/\/tagumedica.com\/wp-content\/uploads\/2026\/04\/pdf-download-150x150.jpg\",\"contentUrl\":\"https:\/\/tagumedica.com\/wp-content\/uploads\/2026\/04\/pdf-download-150x150.jpg\"},{\"@type\":\"BreadcrumbList\",\"@id\":\"https:\/\/tagumedica.com\/en\/integrated-management-system-ims\/#breadcrumb\",\"itemListElement\":[{\"@type\":\"ListItem\",\"position\":1,\"name\":\"Portada\",\"item\":\"https:\/\/tagumedica.com\/en\/\"},{\"@type\":\"ListItem\",\"position\":2,\"name\":\"Integrated Management System (IMS)\"}]},{\"@type\":\"WebSite\",\"@id\":\"https:\/\/tagumedica.com\/en\/#website\",\"url\":\"https:\/\/tagumedica.com\/en\/\",\"name\":\"Tagumedica\",\"description\":\"Soluciones m\u00e9dicas de \u00faltima generaci\u00f3n para cirug\u00edas\",\"publisher\":{\"@id\":\"https:\/\/tagumedica.com\/en\/#organization\"},\"potentialAction\":[{\"@type\":\"SearchAction\",\"target\":{\"@type\":\"EntryPoint\",\"urlTemplate\":\"https:\/\/tagumedica.com\/en\/?s={search_term_string}\"},\"query-input\":{\"@type\":\"PropertyValueSpecification\",\"valueRequired\":true,\"valueName\":\"search_term_string\"}}],\"inLanguage\":\"en-US\"},{\"@type\":\"Organization\",\"@id\":\"https:\/\/tagumedica.com\/en\/#organization\",\"name\":\"Tagumedica\",\"alternateName\":\"Tagumedica\",\"url\":\"https:\/\/tagumedica.com\/en\/\",\"logo\":{\"@type\":\"ImageObject\",\"inLanguage\":\"en-US\",\"@id\":\"https:\/\/tagumedica.com\/en\/#\/schema\/logo\/image\/\",\"url\":\"https:\/\/tagumedica.com\/wp-content\/uploads\/2023\/04\/Tagumedica-logotipo.png\",\"contentUrl\":\"https:\/\/tagumedica.com\/wp-content\/uploads\/2023\/04\/Tagumedica-logotipo.png\",\"width\":380,\"height\":150,\"caption\":\"Tagumedica\"},\"image\":{\"@id\":\"https:\/\/tagumedica.com\/en\/#\/schema\/logo\/image\/\"},\"sameAs\":[\"https:\/\/www.facebook.com\/tagumedica\/\",\"https:\/\/www.instagram.com\/tagumedica\/\",\"https:\/\/www.youtube.com\/channel\/UCUl698cTwJbTfeI_cHVmJJQ\"]}]}<\/script>\n<!-- \/ Yoast SEO plugin. -->","yoast_head_json":{"title":"Integrated Management System (IMS) - Tagumedica","robots":{"index":"index","follow":"follow","max-snippet":"max-snippet:-1","max-image-preview":"max-image-preview:large","max-video-preview":"max-video-preview:-1"},"canonical":"https:\/\/tagumedica.com\/en\/integrated-management-system-ims\/","og_locale":"en_US","og_type":"article","og_title":"Integrated Management System (IMS) - Tagumedica","og_description":"Integrated Management System (IMS). Guidelines that govern our work: F79-ASC- ANTI-BRIBERY MANAGEMENT SYSTEM POLICY ISO 37001_V01 View Policy F50-SSM OCCUPATIONAL HEALTH, SAFETY AND ENVIRONMENT POLICY_V04 View Policy","og_url":"https:\/\/tagumedica.com\/en\/integrated-management-system-ims\/","og_site_name":"Tagumedica","article_publisher":"https:\/\/www.facebook.com\/tagumedica\/","article_modified_time":"2026-04-29T02:30:40+00:00","og_image":[{"width":1600,"height":1600,"url":"https:\/\/tagumedica.com\/wp-content\/uploads\/2026\/04\/pdf-download.jpg","type":"image\/jpeg"}],"schema":{"@context":"https:\/\/schema.org","@graph":[{"@type":"WebPage","@id":"https:\/\/tagumedica.com\/en\/integrated-management-system-ims\/","url":"https:\/\/tagumedica.com\/en\/integrated-management-system-ims\/","name":"Integrated Management System (IMS) - Tagumedica","isPartOf":{"@id":"https:\/\/tagumedica.com\/en\/#website"},"primaryImageOfPage":{"@id":"https:\/\/tagumedica.com\/en\/integrated-management-system-ims\/#primaryimage"},"image":{"@id":"https:\/\/tagumedica.com\/en\/integrated-management-system-ims\/#primaryimage"},"thumbnailUrl":"https:\/\/tagumedica.com\/wp-content\/uploads\/2026\/04\/pdf-download-150x150.jpg","datePublished":"2026-04-28T23:44:32+00:00","dateModified":"2026-04-29T02:30:40+00:00","breadcrumb":{"@id":"https:\/\/tagumedica.com\/en\/integrated-management-system-ims\/#breadcrumb"},"inLanguage":"en-US","potentialAction":[{"@type":"ReadAction","target":["https:\/\/tagumedica.com\/en\/integrated-management-system-ims\/"]}]},{"@type":"ImageObject","inLanguage":"en-US","@id":"https:\/\/tagumedica.com\/en\/integrated-management-system-ims\/#primaryimage","url":"https:\/\/tagumedica.com\/wp-content\/uploads\/2026\/04\/pdf-download-150x150.jpg","contentUrl":"https:\/\/tagumedica.com\/wp-content\/uploads\/2026\/04\/pdf-download-150x150.jpg"},{"@type":"BreadcrumbList","@id":"https:\/\/tagumedica.com\/en\/integrated-management-system-ims\/#breadcrumb","itemListElement":[{"@type":"ListItem","position":1,"name":"Portada","item":"https:\/\/tagumedica.com\/en\/"},{"@type":"ListItem","position":2,"name":"Integrated Management System (IMS)"}]},{"@type":"WebSite","@id":"https:\/\/tagumedica.com\/en\/#website","url":"https:\/\/tagumedica.com\/en\/","name":"Tagumedica","description":"Soluciones m\u00e9dicas de \u00faltima generaci\u00f3n para cirug\u00edas","publisher":{"@id":"https:\/\/tagumedica.com\/en\/#organization"},"potentialAction":[{"@type":"SearchAction","target":{"@type":"EntryPoint","urlTemplate":"https:\/\/tagumedica.com\/en\/?s={search_term_string}"},"query-input":{"@type":"PropertyValueSpecification","valueRequired":true,"valueName":"search_term_string"}}],"inLanguage":"en-US"},{"@type":"Organization","@id":"https:\/\/tagumedica.com\/en\/#organization","name":"Tagumedica","alternateName":"Tagumedica","url":"https:\/\/tagumedica.com\/en\/","logo":{"@type":"ImageObject","inLanguage":"en-US","@id":"https:\/\/tagumedica.com\/en\/#\/schema\/logo\/image\/","url":"https:\/\/tagumedica.com\/wp-content\/uploads\/2023\/04\/Tagumedica-logotipo.png","contentUrl":"https:\/\/tagumedica.com\/wp-content\/uploads\/2023\/04\/Tagumedica-logotipo.png","width":380,"height":150,"caption":"Tagumedica"},"image":{"@id":"https:\/\/tagumedica.com\/en\/#\/schema\/logo\/image\/"},"sameAs":["https:\/\/www.facebook.com\/tagumedica\/","https:\/\/www.instagram.com\/tagumedica\/","https:\/\/www.youtube.com\/channel\/UCUl698cTwJbTfeI_cHVmJJQ"]}]}},"_links":{"self":[{"href":"https:\/\/tagumedica.com\/en\/wp-json\/wp\/v2\/pages\/9875","targetHints":{"allow":["GET"]}}],"collection":[{"href":"https:\/\/tagumedica.com\/en\/wp-json\/wp\/v2\/pages"}],"about":[{"href":"https:\/\/tagumedica.com\/en\/wp-json\/wp\/v2\/types\/page"}],"author":[{"embeddable":true,"href":"https:\/\/tagumedica.com\/en\/wp-json\/wp\/v2\/users\/2"}],"replies":[{"embeddable":true,"href":"https:\/\/tagumedica.com\/en\/wp-json\/wp\/v2\/comments?post=9875"}],"version-history":[{"count":1,"href":"https:\/\/tagumedica.com\/en\/wp-json\/wp\/v2\/pages\/9875\/revisions"}],"predecessor-version":[{"id":9876,"href":"https:\/\/tagumedica.com\/en\/wp-json\/wp\/v2\/pages\/9875\/revisions\/9876"}],"wp:attachment":[{"href":"https:\/\/tagumedica.com\/en\/wp-json\/wp\/v2\/media?parent=9875"}],"curies":[{"name":"wp","href":"https:\/\/api.w.org\/{rel}","templated":true}]}}