{"id":5781,"date":"2021-02-25T13:49:07","date_gmt":"2021-02-25T13:49:07","guid":{"rendered":"https:\/\/tagumedica.com\/producto\/seda-virgen\/"},"modified":"2024-09-13T00:30:46","modified_gmt":"2024-09-13T00:30:46","slug":"virgin-silk","status":"publish","type":"product","link":"https:\/\/tagumedica.com\/en\/producto\/virgin-silk\/","title":{"rendered":"Virgin Silk"},"content":{"rendered":"<h5><b>Type of Absorption<\/b><\/h5>\n<p><span style=\"font-weight: 400;\">Non-absorbable<\/span><\/p>\n<h5><b>Color<\/b><\/h5>\n<p><span style=\"font-weight: 400;\">Black or blue<\/span><\/p>\n<h5><b>Structure<\/b><\/h5>\n<p><span style=\"font-weight: 400;\">Twisted<\/span><\/p>\n<h5><b>Gauge\u00a0<\/b><\/h5>\n<p><span style=\"font-weight: 400;\">8\/0 to 6\/0<\/span><\/p>\n<h5><b>Sterilization<\/b><\/h5>\n<p><span style=\"font-weight: 400;\">Ethylene oxide\u00a0<\/span><\/p>\n<h5><b>Health Registration Number\u00a0<\/b><\/h5>\n<p><span style=\"font-weight: 400;\">DM0124N\u00a0<\/span><\/p>\n<h5><b>Presentation<\/b><\/h5>\n<p><span style=\"font-weight: 400;\">Thread combinations with or without surgical steel needle in predetermined lengths. Available in boxes of 12, 24, and 36 units.<\/span><\/p>\n<h5><b>Indications<\/b><\/h5>\n<p><span style=\"font-weight: 400;\">Virgin Silk suture is indicated for use in microsurgery and ophthalmic surgery.<\/span><\/p>\n","protected":false},"excerpt":{"rendered":"<p>Virgin silk is a natural, non-absorbable suture made of an organic protein called fibroin, derived from the domesticated species of the silkworm <em>Bombyx mori<\/em> from the family Bombycidae. These filaments are dyed with harmless dyes<\/p>\n<p>&nbsp;<\/p>\n","protected":false},"featured_media":8730,"comment_status":"open","ping_status":"closed","template":"","meta":{"_acf_changed":false},"product_brand":[],"product_cat":[264,258,256],"product_tag":[],"class_list":{"0":"post-5781","1":"product","2":"type-product","3":"status-publish","4":"has-post-thumbnail","6":"product_cat-seda-virgen-en","7":"product_cat-not-absorbable","8":"product_cat-surgical-sutures","10":"first","11":"instock","12":"shipping-taxable","13":"product-type-simple"},"acf":[],"yoast_head":"<!-- This site is optimized with the Yoast SEO plugin v26.8 - https:\/\/yoast.com\/product\/yoast-seo-wordpress\/ -->\n<title>Suture Virgin Silk - Tagumedica<\/title>\n<meta name=\"description\" content=\"Non-Absorbable Suture Virgin Silk. It is indicated for use in microsurgery and ophthalmic surgery.\" \/>\n<meta name=\"robots\" content=\"index, follow, max-snippet:-1, max-image-preview:large, max-video-preview:-1\" \/>\n<link rel=\"canonical\" href=\"https:\/\/tagumedica.com\/en\/producto\/virgin-silk\/\" \/>\n<meta property=\"og:locale\" content=\"en_US\" \/>\n<meta property=\"og:type\" content=\"article\" \/>\n<meta property=\"og:title\" content=\"Suture Virgin Silk - Tagumedica\" \/>\n<meta property=\"og:description\" content=\"Non-Absorbable Suture Virgin Silk. It is indicated for use in microsurgery and ophthalmic surgery.\" \/>\n<meta property=\"og:url\" content=\"https:\/\/tagumedica.com\/en\/producto\/virgin-silk\/\" \/>\n<meta property=\"og:site_name\" content=\"Tagumedica\" \/>\n<meta property=\"article:publisher\" content=\"https:\/\/www.facebook.com\/tagumedica\/\" \/>\n<meta property=\"article:modified_time\" content=\"2024-09-13T00:30:46+00:00\" \/>\n<meta property=\"og:image\" content=\"https:\/\/tagumedica.com\/wp-content\/uploads\/2024\/01\/Seda-Virgen-Azul.jpg\" \/>\n\t<meta property=\"og:image:width\" content=\"1200\" \/>\n\t<meta property=\"og:image:height\" content=\"1200\" \/>\n\t<meta property=\"og:image:type\" content=\"image\/jpeg\" \/>\n<script type=\"application\/ld+json\" class=\"yoast-schema-graph\">{\"@context\":\"https:\/\/schema.org\",\"@graph\":[{\"@type\":\"WebPage\",\"@id\":\"https:\/\/tagumedica.com\/en\/producto\/virgin-silk\/\",\"url\":\"https:\/\/tagumedica.com\/en\/producto\/virgin-silk\/\",\"name\":\"Suture Virgin Silk - Tagumedica\",\"isPartOf\":{\"@id\":\"https:\/\/tagumedica.com\/en\/#website\"},\"primaryImageOfPage\":{\"@id\":\"https:\/\/tagumedica.com\/en\/producto\/virgin-silk\/#primaryimage\"},\"image\":{\"@id\":\"https:\/\/tagumedica.com\/en\/producto\/virgin-silk\/#primaryimage\"},\"thumbnailUrl\":\"https:\/\/tagumedica.com\/wp-content\/uploads\/2024\/01\/Seda-Virgen-Azul.jpg\",\"datePublished\":\"2021-02-25T13:49:07+00:00\",\"dateModified\":\"2024-09-13T00:30:46+00:00\",\"description\":\"Non-Absorbable Suture Virgin Silk. It is indicated for use in microsurgery and ophthalmic surgery.\",\"breadcrumb\":{\"@id\":\"https:\/\/tagumedica.com\/en\/producto\/virgin-silk\/#breadcrumb\"},\"inLanguage\":\"en-US\",\"potentialAction\":[{\"@type\":\"ReadAction\",\"target\":[\"https:\/\/tagumedica.com\/en\/producto\/virgin-silk\/\"]}]},{\"@type\":\"ImageObject\",\"inLanguage\":\"en-US\",\"@id\":\"https:\/\/tagumedica.com\/en\/producto\/virgin-silk\/#primaryimage\",\"url\":\"https:\/\/tagumedica.com\/wp-content\/uploads\/2024\/01\/Seda-Virgen-Azul.jpg\",\"contentUrl\":\"https:\/\/tagumedica.com\/wp-content\/uploads\/2024\/01\/Seda-Virgen-Azul.jpg\",\"width\":1200,\"height\":1200},{\"@type\":\"BreadcrumbList\",\"@id\":\"https:\/\/tagumedica.com\/en\/producto\/virgin-silk\/#breadcrumb\",\"itemListElement\":[{\"@type\":\"ListItem\",\"position\":1,\"name\":\"Portada\",\"item\":\"https:\/\/tagumedica.com\/en\/\"},{\"@type\":\"ListItem\",\"position\":2,\"name\":\"Products\",\"item\":\"https:\/\/tagumedica.com\/en\/products\/\"},{\"@type\":\"ListItem\",\"position\":3,\"name\":\"Virgin Silk\"}]},{\"@type\":\"WebSite\",\"@id\":\"https:\/\/tagumedica.com\/en\/#website\",\"url\":\"https:\/\/tagumedica.com\/en\/\",\"name\":\"Tagumedica\",\"description\":\"Soluciones m\u00e9dicas de \u00faltima generaci\u00f3n para cirug\u00edas\",\"publisher\":{\"@id\":\"https:\/\/tagumedica.com\/en\/#organization\"},\"potentialAction\":[{\"@type\":\"SearchAction\",\"target\":{\"@type\":\"EntryPoint\",\"urlTemplate\":\"https:\/\/tagumedica.com\/en\/?s={search_term_string}\"},\"query-input\":{\"@type\":\"PropertyValueSpecification\",\"valueRequired\":true,\"valueName\":\"search_term_string\"}}],\"inLanguage\":\"en-US\"},{\"@type\":\"Organization\",\"@id\":\"https:\/\/tagumedica.com\/en\/#organization\",\"name\":\"Tagumedica\",\"alternateName\":\"Tagumedica\",\"url\":\"https:\/\/tagumedica.com\/en\/\",\"logo\":{\"@type\":\"ImageObject\",\"inLanguage\":\"en-US\",\"@id\":\"https:\/\/tagumedica.com\/en\/#\/schema\/logo\/image\/\",\"url\":\"https:\/\/tagumedica.com\/wp-content\/uploads\/2023\/04\/Tagumedica-logotipo.png\",\"contentUrl\":\"https:\/\/tagumedica.com\/wp-content\/uploads\/2023\/04\/Tagumedica-logotipo.png\",\"width\":380,\"height\":150,\"caption\":\"Tagumedica\"},\"image\":{\"@id\":\"https:\/\/tagumedica.com\/en\/#\/schema\/logo\/image\/\"},\"sameAs\":[\"https:\/\/www.facebook.com\/tagumedica\/\",\"https:\/\/www.instagram.com\/tagumedica\/\",\"https:\/\/www.youtube.com\/channel\/UCUl698cTwJbTfeI_cHVmJJQ\"]}]}<\/script>\n<!-- \/ Yoast SEO plugin. -->","yoast_head_json":{"title":"Suture Virgin Silk - Tagumedica","description":"Non-Absorbable Suture Virgin Silk. It is indicated for use in microsurgery and ophthalmic surgery.","robots":{"index":"index","follow":"follow","max-snippet":"max-snippet:-1","max-image-preview":"max-image-preview:large","max-video-preview":"max-video-preview:-1"},"canonical":"https:\/\/tagumedica.com\/en\/producto\/virgin-silk\/","og_locale":"en_US","og_type":"article","og_title":"Suture Virgin Silk - Tagumedica","og_description":"Non-Absorbable Suture Virgin Silk. It is indicated for use in microsurgery and ophthalmic surgery.","og_url":"https:\/\/tagumedica.com\/en\/producto\/virgin-silk\/","og_site_name":"Tagumedica","article_publisher":"https:\/\/www.facebook.com\/tagumedica\/","article_modified_time":"2024-09-13T00:30:46+00:00","og_image":[{"width":1200,"height":1200,"url":"https:\/\/tagumedica.com\/wp-content\/uploads\/2024\/01\/Seda-Virgen-Azul.jpg","type":"image\/jpeg"}],"schema":{"@context":"https:\/\/schema.org","@graph":[{"@type":"WebPage","@id":"https:\/\/tagumedica.com\/en\/producto\/virgin-silk\/","url":"https:\/\/tagumedica.com\/en\/producto\/virgin-silk\/","name":"Suture Virgin Silk - Tagumedica","isPartOf":{"@id":"https:\/\/tagumedica.com\/en\/#website"},"primaryImageOfPage":{"@id":"https:\/\/tagumedica.com\/en\/producto\/virgin-silk\/#primaryimage"},"image":{"@id":"https:\/\/tagumedica.com\/en\/producto\/virgin-silk\/#primaryimage"},"thumbnailUrl":"https:\/\/tagumedica.com\/wp-content\/uploads\/2024\/01\/Seda-Virgen-Azul.jpg","datePublished":"2021-02-25T13:49:07+00:00","dateModified":"2024-09-13T00:30:46+00:00","description":"Non-Absorbable Suture Virgin Silk. It is indicated for use in microsurgery and ophthalmic surgery.","breadcrumb":{"@id":"https:\/\/tagumedica.com\/en\/producto\/virgin-silk\/#breadcrumb"},"inLanguage":"en-US","potentialAction":[{"@type":"ReadAction","target":["https:\/\/tagumedica.com\/en\/producto\/virgin-silk\/"]}]},{"@type":"ImageObject","inLanguage":"en-US","@id":"https:\/\/tagumedica.com\/en\/producto\/virgin-silk\/#primaryimage","url":"https:\/\/tagumedica.com\/wp-content\/uploads\/2024\/01\/Seda-Virgen-Azul.jpg","contentUrl":"https:\/\/tagumedica.com\/wp-content\/uploads\/2024\/01\/Seda-Virgen-Azul.jpg","width":1200,"height":1200},{"@type":"BreadcrumbList","@id":"https:\/\/tagumedica.com\/en\/producto\/virgin-silk\/#breadcrumb","itemListElement":[{"@type":"ListItem","position":1,"name":"Portada","item":"https:\/\/tagumedica.com\/en\/"},{"@type":"ListItem","position":2,"name":"Products","item":"https:\/\/tagumedica.com\/en\/products\/"},{"@type":"ListItem","position":3,"name":"Virgin Silk"}]},{"@type":"WebSite","@id":"https:\/\/tagumedica.com\/en\/#website","url":"https:\/\/tagumedica.com\/en\/","name":"Tagumedica","description":"Soluciones m\u00e9dicas de \u00faltima generaci\u00f3n para cirug\u00edas","publisher":{"@id":"https:\/\/tagumedica.com\/en\/#organization"},"potentialAction":[{"@type":"SearchAction","target":{"@type":"EntryPoint","urlTemplate":"https:\/\/tagumedica.com\/en\/?s={search_term_string}"},"query-input":{"@type":"PropertyValueSpecification","valueRequired":true,"valueName":"search_term_string"}}],"inLanguage":"en-US"},{"@type":"Organization","@id":"https:\/\/tagumedica.com\/en\/#organization","name":"Tagumedica","alternateName":"Tagumedica","url":"https:\/\/tagumedica.com\/en\/","logo":{"@type":"ImageObject","inLanguage":"en-US","@id":"https:\/\/tagumedica.com\/en\/#\/schema\/logo\/image\/","url":"https:\/\/tagumedica.com\/wp-content\/uploads\/2023\/04\/Tagumedica-logotipo.png","contentUrl":"https:\/\/tagumedica.com\/wp-content\/uploads\/2023\/04\/Tagumedica-logotipo.png","width":380,"height":150,"caption":"Tagumedica"},"image":{"@id":"https:\/\/tagumedica.com\/en\/#\/schema\/logo\/image\/"},"sameAs":["https:\/\/www.facebook.com\/tagumedica\/","https:\/\/www.instagram.com\/tagumedica\/","https:\/\/www.youtube.com\/channel\/UCUl698cTwJbTfeI_cHVmJJQ"]}]}},"_links":{"self":[{"href":"https:\/\/tagumedica.com\/en\/wp-json\/wp\/v2\/product\/5781","targetHints":{"allow":["GET"]}}],"collection":[{"href":"https:\/\/tagumedica.com\/en\/wp-json\/wp\/v2\/product"}],"about":[{"href":"https:\/\/tagumedica.com\/en\/wp-json\/wp\/v2\/types\/product"}],"replies":[{"embeddable":true,"href":"https:\/\/tagumedica.com\/en\/wp-json\/wp\/v2\/comments?post=5781"}],"version-history":[{"count":0,"href":"https:\/\/tagumedica.com\/en\/wp-json\/wp\/v2\/product\/5781\/revisions"}],"wp:featuredmedia":[{"embeddable":true,"href":"https:\/\/tagumedica.com\/en\/wp-json\/wp\/v2\/media\/8730"}],"wp:attachment":[{"href":"https:\/\/tagumedica.com\/en\/wp-json\/wp\/v2\/media?parent=5781"}],"wp:term":[{"taxonomy":"product_brand","embeddable":true,"href":"https:\/\/tagumedica.com\/en\/wp-json\/wp\/v2\/product_brand?post=5781"},{"taxonomy":"product_cat","embeddable":true,"href":"https:\/\/tagumedica.com\/en\/wp-json\/wp\/v2\/product_cat?post=5781"},{"taxonomy":"product_tag","embeddable":true,"href":"https:\/\/tagumedica.com\/en\/wp-json\/wp\/v2\/product_tag?post=5781"}],"curies":[{"name":"wp","href":"https:\/\/api.w.org\/{rel}","templated":true}]}}