{"id":5791,"date":"2021-02-25T13:49:07","date_gmt":"2021-02-25T13:49:07","guid":{"rendered":"https:\/\/tagumedica.com\/producto\/lino\/"},"modified":"2024-09-13T00:21:33","modified_gmt":"2024-09-13T00:21:33","slug":"non-absorbable-suture-lino","status":"publish","type":"product","link":"https:\/\/tagumedica.com\/en\/producto\/non-absorbable-suture-lino\/","title":{"rendered":"Lino"},"content":{"rendered":"<p><span style=\"font-weight: 400;\">Linen is a non-absorbable, surgical suture of natural origin obtained from the stem of <\/span><i><span style=\"font-weight: 400;\">Linum usitatissimum<\/span><\/i><span style=\"font-weight: 400;\">. It is made from the cellulose fibers. Its multifilament, twisted material is resistant to the action of tissue enzymes. The thread is provided alone, or it can be attached to 1 or 2 surgical steel needles.<\/span><\/p>\n<h5><b>Type of Absorption<\/b><\/h5>\n<p><span style=\"font-weight: 400;\">Non-absorbable<\/span><\/p>\n<h5><b>Color<\/b><\/h5>\n<p><span style=\"font-weight: 400;\">Cream white<\/span><\/p>\n<h5><b>Structure<\/b><\/h5>\n<p><span style=\"font-weight: 400;\">Twisted<\/span><\/p>\n<h5><b>Gauge<\/b><\/h5>\n<p><span style=\"font-weight: 400;\">4\/0 to 2<\/span><\/p>\n<h5><b>Sterilization<\/b><\/h5>\n<p><span style=\"font-weight: 400;\">Ethylene oxide<\/span><\/p>\n<h5><b>Health Registration Number<\/b><\/h5>\n<p><span style=\"font-weight: 400;\">DM0130N<\/span><\/p>\n<h5><b>Presentation<\/b><\/h5>\n<p><span style=\"font-weight: 400;\">Thread combinations with and without surgical steel needle.<\/span><span style=\"font-weight: 400;\"><br \/>\n<\/span><span style=\"font-weight: 400;\">Multipack in predetermined lengths and number of strands.<\/span><span style=\"font-weight: 400;\"><br \/>\n<\/span><span style=\"font-weight: 400;\">Available in boxes of 12, 24, and 36 units.<\/span><\/p>\n<p><span style=\"font-weight: 400;\">Linen suture is indicated for use in general surgery, gastrointestinal surgery, gynecology, and obstetrics, and suturing in general.<\/span><\/p>\n<h5><b>Warnings<\/b><\/h5>\n<ul>\n<li style=\"font-weight: 400;\" aria-level=\"1\"><span style=\"font-weight: 400;\">For single use only. DO NOT RESTERILIZE.<\/span><\/li>\n<li style=\"font-weight: 400;\" aria-level=\"1\"><span style=\"font-weight: 400;\">Discard remaining strands.<\/span><\/li>\n<li style=\"font-weight: 400;\" aria-level=\"1\"><span style=\"font-weight: 400;\">Do not rub the strand with a surgical glove or with gauze.<\/span><\/li>\n<li style=\"font-weight: 400;\" aria-level=\"1\"><span style=\"font-weight: 400;\">Users should be familiar with surgical procedures and techniques involving non-absorbable surgical sutures before using the product.<\/span><\/li>\n<li style=\"font-weight: 400;\" aria-level=\"1\"><span style=\"font-weight: 400;\">Do not use the suture if the package is opened or damaged! Discard open, unused sutures.<\/span><\/li>\n<li style=\"font-weight: 400;\" aria-level=\"1\"><span style=\"font-weight: 400;\">For more information, please read the product\u2019s package insert.<\/span><\/li>\n<\/ul>\n<h5><b>Precautions<\/b><\/h5>\n<h5><span style=\"font-weight: 400;\">In handling suture materials, care should be taken to avoid damage from handling. Avoid crushing or crimping damage due to application of surgical instruments such as forceps or needle holders. Adequate knot security requires the accepted surgical techniques.<\/span><\/h5>\n","protected":false},"excerpt":{"rendered":"<div class=\"flex max-w-full flex-col flex-grow\">\n<div class=\"min-h-[20px] text-message flex w-full flex-col items-end gap-2 whitespace-normal break-words [.text-message+&amp;]:mt-5\" dir=\"auto\" data-message-author-role=\"assistant\" data-message-id=\"1f0004c5-2747-4ed9-8a29-dbc5ab0376cb\">\n<div class=\"flex w-full flex-col gap-1 empty:hidden first:pt-[3px]\">\n<div class=\"markdown prose w-full break-words dark:prose-invert dark\">\n<p>The raw material for linen is the bast fiber from the flax plant. Due to the origin of the raw material, the surface of the linen is slightly uneven, ensuring high knot strength.<\/p>\n<\/div>\n<\/div>\n<\/div>\n<\/div>\n","protected":false},"featured_media":8721,"comment_status":"open","ping_status":"closed","template":"","meta":{"_acf_changed":false},"product_brand":[],"product_cat":[258,256],"product_tag":[],"class_list":{"0":"post-5791","1":"product","2":"type-product","3":"status-publish","4":"has-post-thumbnail","6":"product_cat-not-absorbable","7":"product_cat-surgical-sutures","9":"first","10":"instock","11":"shipping-taxable","12":"product-type-simple"},"acf":[],"yoast_head":"<!-- This site is optimized with the Yoast SEO plugin v26.8 - https:\/\/yoast.com\/product\/yoast-seo-wordpress\/ -->\n<title>Non-Absorbable Suture Lino - Tagumedica<\/title>\n<meta name=\"description\" content=\"Non-Absorbable Suture Lino. It is indicated for use in general surgery, gastrointestinal surgery, gynecology, and obstetrics, and suturing in general.\" \/>\n<meta name=\"robots\" content=\"index, follow, max-snippet:-1, max-image-preview:large, max-video-preview:-1\" \/>\n<link rel=\"canonical\" href=\"https:\/\/tagumedica.com\/en\/producto\/non-absorbable-suture-lino\/\" \/>\n<meta property=\"og:locale\" content=\"en_US\" \/>\n<meta property=\"og:type\" content=\"article\" \/>\n<meta property=\"og:title\" content=\"Non-Absorbable Suture Lino - Tagumedica\" \/>\n<meta property=\"og:description\" content=\"Non-Absorbable Suture Lino. It is indicated for use in general surgery, gastrointestinal surgery, gynecology, and obstetrics, and suturing in general.\" \/>\n<meta property=\"og:url\" content=\"https:\/\/tagumedica.com\/en\/producto\/non-absorbable-suture-lino\/\" \/>\n<meta property=\"og:site_name\" content=\"Tagumedica\" \/>\n<meta property=\"article:publisher\" content=\"https:\/\/www.facebook.com\/tagumedica\/\" \/>\n<meta property=\"article:modified_time\" content=\"2024-09-13T00:21:33+00:00\" \/>\n<meta property=\"og:image\" content=\"https:\/\/tagumedica.com\/wp-content\/uploads\/2023\/04\/tagumedica-logo-.jpg\" \/>\n\t<meta property=\"og:image:width\" content=\"1200\" \/>\n\t<meta property=\"og:image:height\" content=\"675\" \/>\n\t<meta property=\"og:image:type\" content=\"image\/jpeg\" \/>\n<script type=\"application\/ld+json\" class=\"yoast-schema-graph\">{\"@context\":\"https:\/\/schema.org\",\"@graph\":[{\"@type\":\"WebPage\",\"@id\":\"https:\/\/tagumedica.com\/en\/producto\/non-absorbable-suture-lino\/\",\"url\":\"https:\/\/tagumedica.com\/en\/producto\/non-absorbable-suture-lino\/\",\"name\":\"Non-Absorbable Suture Lino - Tagumedica\",\"isPartOf\":{\"@id\":\"https:\/\/tagumedica.com\/en\/#website\"},\"primaryImageOfPage\":{\"@id\":\"https:\/\/tagumedica.com\/en\/producto\/non-absorbable-suture-lino\/#primaryimage\"},\"image\":{\"@id\":\"https:\/\/tagumedica.com\/en\/producto\/non-absorbable-suture-lino\/#primaryimage\"},\"thumbnailUrl\":\"https:\/\/tagumedica.com\/wp-content\/uploads\/2024\/01\/Lino-Quirurgico.jpg\",\"datePublished\":\"2021-02-25T13:49:07+00:00\",\"dateModified\":\"2024-09-13T00:21:33+00:00\",\"description\":\"Non-Absorbable Suture Lino. It is indicated for use in general surgery, gastrointestinal surgery, gynecology, and obstetrics, and suturing in general.\",\"breadcrumb\":{\"@id\":\"https:\/\/tagumedica.com\/en\/producto\/non-absorbable-suture-lino\/#breadcrumb\"},\"inLanguage\":\"en-US\",\"potentialAction\":[{\"@type\":\"ReadAction\",\"target\":[\"https:\/\/tagumedica.com\/en\/producto\/non-absorbable-suture-lino\/\"]}]},{\"@type\":\"ImageObject\",\"inLanguage\":\"en-US\",\"@id\":\"https:\/\/tagumedica.com\/en\/producto\/non-absorbable-suture-lino\/#primaryimage\",\"url\":\"https:\/\/tagumedica.com\/wp-content\/uploads\/2024\/01\/Lino-Quirurgico.jpg\",\"contentUrl\":\"https:\/\/tagumedica.com\/wp-content\/uploads\/2024\/01\/Lino-Quirurgico.jpg\",\"width\":1200,\"height\":1200},{\"@type\":\"BreadcrumbList\",\"@id\":\"https:\/\/tagumedica.com\/en\/producto\/non-absorbable-suture-lino\/#breadcrumb\",\"itemListElement\":[{\"@type\":\"ListItem\",\"position\":1,\"name\":\"Portada\",\"item\":\"https:\/\/tagumedica.com\/en\/\"},{\"@type\":\"ListItem\",\"position\":2,\"name\":\"Products\",\"item\":\"https:\/\/tagumedica.com\/en\/products\/\"},{\"@type\":\"ListItem\",\"position\":3,\"name\":\"Lino\"}]},{\"@type\":\"WebSite\",\"@id\":\"https:\/\/tagumedica.com\/en\/#website\",\"url\":\"https:\/\/tagumedica.com\/en\/\",\"name\":\"Tagumedica\",\"description\":\"Soluciones m\u00e9dicas de \u00faltima generaci\u00f3n para cirug\u00edas\",\"publisher\":{\"@id\":\"https:\/\/tagumedica.com\/en\/#organization\"},\"potentialAction\":[{\"@type\":\"SearchAction\",\"target\":{\"@type\":\"EntryPoint\",\"urlTemplate\":\"https:\/\/tagumedica.com\/en\/?s={search_term_string}\"},\"query-input\":{\"@type\":\"PropertyValueSpecification\",\"valueRequired\":true,\"valueName\":\"search_term_string\"}}],\"inLanguage\":\"en-US\"},{\"@type\":\"Organization\",\"@id\":\"https:\/\/tagumedica.com\/en\/#organization\",\"name\":\"Tagumedica\",\"alternateName\":\"Tagumedica\",\"url\":\"https:\/\/tagumedica.com\/en\/\",\"logo\":{\"@type\":\"ImageObject\",\"inLanguage\":\"en-US\",\"@id\":\"https:\/\/tagumedica.com\/en\/#\/schema\/logo\/image\/\",\"url\":\"https:\/\/tagumedica.com\/wp-content\/uploads\/2023\/04\/Tagumedica-logotipo.png\",\"contentUrl\":\"https:\/\/tagumedica.com\/wp-content\/uploads\/2023\/04\/Tagumedica-logotipo.png\",\"width\":380,\"height\":150,\"caption\":\"Tagumedica\"},\"image\":{\"@id\":\"https:\/\/tagumedica.com\/en\/#\/schema\/logo\/image\/\"},\"sameAs\":[\"https:\/\/www.facebook.com\/tagumedica\/\",\"https:\/\/www.instagram.com\/tagumedica\/\",\"https:\/\/www.youtube.com\/channel\/UCUl698cTwJbTfeI_cHVmJJQ\"]}]}<\/script>\n<!-- \/ Yoast SEO plugin. -->","yoast_head_json":{"title":"Non-Absorbable Suture Lino - Tagumedica","description":"Non-Absorbable Suture Lino. It is indicated for use in general surgery, gastrointestinal surgery, gynecology, and obstetrics, and suturing in general.","robots":{"index":"index","follow":"follow","max-snippet":"max-snippet:-1","max-image-preview":"max-image-preview:large","max-video-preview":"max-video-preview:-1"},"canonical":"https:\/\/tagumedica.com\/en\/producto\/non-absorbable-suture-lino\/","og_locale":"en_US","og_type":"article","og_title":"Non-Absorbable Suture Lino - Tagumedica","og_description":"Non-Absorbable Suture Lino. It is indicated for use in general surgery, gastrointestinal surgery, gynecology, and obstetrics, and suturing in general.","og_url":"https:\/\/tagumedica.com\/en\/producto\/non-absorbable-suture-lino\/","og_site_name":"Tagumedica","article_publisher":"https:\/\/www.facebook.com\/tagumedica\/","article_modified_time":"2024-09-13T00:21:33+00:00","og_image":[{"width":1200,"height":675,"url":"https:\/\/tagumedica.com\/wp-content\/uploads\/2023\/04\/tagumedica-logo-.jpg","type":"image\/jpeg"}],"schema":{"@context":"https:\/\/schema.org","@graph":[{"@type":"WebPage","@id":"https:\/\/tagumedica.com\/en\/producto\/non-absorbable-suture-lino\/","url":"https:\/\/tagumedica.com\/en\/producto\/non-absorbable-suture-lino\/","name":"Non-Absorbable Suture Lino - Tagumedica","isPartOf":{"@id":"https:\/\/tagumedica.com\/en\/#website"},"primaryImageOfPage":{"@id":"https:\/\/tagumedica.com\/en\/producto\/non-absorbable-suture-lino\/#primaryimage"},"image":{"@id":"https:\/\/tagumedica.com\/en\/producto\/non-absorbable-suture-lino\/#primaryimage"},"thumbnailUrl":"https:\/\/tagumedica.com\/wp-content\/uploads\/2024\/01\/Lino-Quirurgico.jpg","datePublished":"2021-02-25T13:49:07+00:00","dateModified":"2024-09-13T00:21:33+00:00","description":"Non-Absorbable Suture Lino. It is indicated for use in general surgery, gastrointestinal surgery, gynecology, and obstetrics, and suturing in general.","breadcrumb":{"@id":"https:\/\/tagumedica.com\/en\/producto\/non-absorbable-suture-lino\/#breadcrumb"},"inLanguage":"en-US","potentialAction":[{"@type":"ReadAction","target":["https:\/\/tagumedica.com\/en\/producto\/non-absorbable-suture-lino\/"]}]},{"@type":"ImageObject","inLanguage":"en-US","@id":"https:\/\/tagumedica.com\/en\/producto\/non-absorbable-suture-lino\/#primaryimage","url":"https:\/\/tagumedica.com\/wp-content\/uploads\/2024\/01\/Lino-Quirurgico.jpg","contentUrl":"https:\/\/tagumedica.com\/wp-content\/uploads\/2024\/01\/Lino-Quirurgico.jpg","width":1200,"height":1200},{"@type":"BreadcrumbList","@id":"https:\/\/tagumedica.com\/en\/producto\/non-absorbable-suture-lino\/#breadcrumb","itemListElement":[{"@type":"ListItem","position":1,"name":"Portada","item":"https:\/\/tagumedica.com\/en\/"},{"@type":"ListItem","position":2,"name":"Products","item":"https:\/\/tagumedica.com\/en\/products\/"},{"@type":"ListItem","position":3,"name":"Lino"}]},{"@type":"WebSite","@id":"https:\/\/tagumedica.com\/en\/#website","url":"https:\/\/tagumedica.com\/en\/","name":"Tagumedica","description":"Soluciones m\u00e9dicas de \u00faltima generaci\u00f3n para cirug\u00edas","publisher":{"@id":"https:\/\/tagumedica.com\/en\/#organization"},"potentialAction":[{"@type":"SearchAction","target":{"@type":"EntryPoint","urlTemplate":"https:\/\/tagumedica.com\/en\/?s={search_term_string}"},"query-input":{"@type":"PropertyValueSpecification","valueRequired":true,"valueName":"search_term_string"}}],"inLanguage":"en-US"},{"@type":"Organization","@id":"https:\/\/tagumedica.com\/en\/#organization","name":"Tagumedica","alternateName":"Tagumedica","url":"https:\/\/tagumedica.com\/en\/","logo":{"@type":"ImageObject","inLanguage":"en-US","@id":"https:\/\/tagumedica.com\/en\/#\/schema\/logo\/image\/","url":"https:\/\/tagumedica.com\/wp-content\/uploads\/2023\/04\/Tagumedica-logotipo.png","contentUrl":"https:\/\/tagumedica.com\/wp-content\/uploads\/2023\/04\/Tagumedica-logotipo.png","width":380,"height":150,"caption":"Tagumedica"},"image":{"@id":"https:\/\/tagumedica.com\/en\/#\/schema\/logo\/image\/"},"sameAs":["https:\/\/www.facebook.com\/tagumedica\/","https:\/\/www.instagram.com\/tagumedica\/","https:\/\/www.youtube.com\/channel\/UCUl698cTwJbTfeI_cHVmJJQ"]}]}},"_links":{"self":[{"href":"https:\/\/tagumedica.com\/en\/wp-json\/wp\/v2\/product\/5791","targetHints":{"allow":["GET"]}}],"collection":[{"href":"https:\/\/tagumedica.com\/en\/wp-json\/wp\/v2\/product"}],"about":[{"href":"https:\/\/tagumedica.com\/en\/wp-json\/wp\/v2\/types\/product"}],"replies":[{"embeddable":true,"href":"https:\/\/tagumedica.com\/en\/wp-json\/wp\/v2\/comments?post=5791"}],"version-history":[{"count":0,"href":"https:\/\/tagumedica.com\/en\/wp-json\/wp\/v2\/product\/5791\/revisions"}],"wp:featuredmedia":[{"embeddable":true,"href":"https:\/\/tagumedica.com\/en\/wp-json\/wp\/v2\/media\/8721"}],"wp:attachment":[{"href":"https:\/\/tagumedica.com\/en\/wp-json\/wp\/v2\/media?parent=5791"}],"wp:term":[{"taxonomy":"product_brand","embeddable":true,"href":"https:\/\/tagumedica.com\/en\/wp-json\/wp\/v2\/product_brand?post=5791"},{"taxonomy":"product_cat","embeddable":true,"href":"https:\/\/tagumedica.com\/en\/wp-json\/wp\/v2\/product_cat?post=5791"},{"taxonomy":"product_tag","embeddable":true,"href":"https:\/\/tagumedica.com\/en\/wp-json\/wp\/v2\/product_tag?post=5791"}],"curies":[{"name":"wp","href":"https:\/\/api.w.org\/{rel}","templated":true}]}}