{"id":5802,"date":"2021-02-25T13:49:05","date_gmt":"2021-02-25T13:49:05","guid":{"rendered":"https:\/\/tagumedica.com\/?post_type=product&#038;p=5802"},"modified":"2024-09-13T01:00:34","modified_gmt":"2024-09-13T01:00:34","slug":"polyglycolic-acid","status":"publish","type":"product","link":"https:\/\/tagumedica.com\/en\/producto\/polyglycolic-acid\/","title":{"rendered":"Polyglycolic Acid"},"content":{"rendered":"<p><span style=\"font-weight: 400;\">Polyglycolic Acid is a braided, surgical suture composed of the homopolymer of glycolic acid. It is non-antigenic, non-pyrogenic, and flexible. It is available undyed or dyed violet with D&amp;C violet #2.<\/span><\/p>\n<h5><b>Type of Absorption<\/b><\/h5>\n<p><span style=\"font-weight: 400;\">By hydrolytic action<\/span><\/p>\n<h5><b>Color<\/b><\/h5>\n<p><span style=\"font-weight: 400;\">Violet and undyed<\/span><\/p>\n<h5><b>Structure<\/b><\/h5>\n<p><span style=\"font-weight: 400;\">Braided<\/span><\/p>\n<h5><b>Gauge<\/b><\/h5>\n<p><span style=\"font-weight: 400;\">10\/0 to 2<\/span><\/p>\n<h5><b>Sterilization<\/b><\/h5>\n<p><span style=\"font-weight: 400;\">Ethylene oxide<\/span><\/p>\n<h5><b>Health Registration Number<\/b><\/h5>\n<p><span style=\"font-weight: 400;\">DM0137N<\/span><\/p>\n<h5><b>Presentation<\/b><\/h5>\n<p><span style=\"font-weight: 400;\">Available in different gauges and lengths, with or without surgical steel needle.<\/span><span style=\"font-weight: 400;\"><br \/>\n<\/span><span style=\"font-weight: 400;\">Available in boxes of 12, 24, and 36 units.<\/span><\/p>\n<h5><b>Indications<\/b><\/h5>\n<p><span style=\"font-weight: 400;\">Polyglycolic Acid suture is indicated for use in every type of tissue approximation, including use in ophthalmic surgery but not in cardiovascular surgery, microsurgery or in nervous tissue. This suture can also be used as ligation.<\/span><\/p>\n<p><b>Warnings<\/b><\/p>\n<ul>\n<li style=\"font-weight: 400;\" aria-level=\"1\"><span style=\"font-weight: 400;\">For single use only. DO NOT RESTERILIZE.<\/span><\/li>\n<li style=\"font-weight: 400;\" aria-level=\"1\"><span style=\"font-weight: 400;\">Discard open, unused sutures.<\/span><\/li>\n<li style=\"font-weight: 400;\" aria-level=\"1\"><span style=\"font-weight: 400;\">Users should be familiar with surgical procedures and techniques involving absorbable sutures before using the product.<\/span><\/li>\n<li style=\"font-weight: 400;\" aria-level=\"1\"><span style=\"font-weight: 400;\">Do not rub the strand with a surgical glove.<\/span><\/li>\n<li style=\"font-weight: 400;\" aria-level=\"1\"><span style=\"font-weight: 400;\">Discard remaining strands.<\/span><\/li>\n<li style=\"font-weight: 400;\" aria-level=\"1\"><span style=\"font-weight: 400;\">Do not use the suture if the package is opened or damaged! Discard open, unused sutures.<\/span><\/li>\n<li style=\"font-weight: 400;\" aria-level=\"1\"><span style=\"font-weight: 400;\">Users should exercise caution when handling surgical needles to avoid inadvertent needle sticks. Discard used needles in suitable sharps container.<\/span><\/li>\n<li style=\"font-weight: 400;\" aria-level=\"1\"><span style=\"font-weight: 400;\">To dispose used sutures, take disposal measures considering the risk of biological contamination and sharps injuries.<\/span><\/li>\n<li style=\"font-weight: 400;\" aria-level=\"1\"><span style=\"font-weight: 400;\">For more information, please read the product\u2019s package insert.<\/span><\/li>\n<\/ul>\n<p><b>Precautions<\/b><\/p>\n<p><span style=\"font-weight: 400;\">Acceptable suture handling should be followed by closure and drainage of the worked area. In handling suture materials, care should be taken to avoid damage from handling. Avoid crushing or crimping damage due to application of surgical instruments such as forceps or needle holders. As with any suture material, adequate knot security requires the accepted surgical technique of flat and square ties with additional throws as warranted by surgical circumstance and the experience of the surgeon. The use of this suture thread may be inappropriate for elderly patients, malnourished or weakened patients, or patients with any conditions which may contribute to delayed wound healing.\u00a0<\/span><\/p>\n","protected":false},"excerpt":{"rendered":"<p>Polyglycolic acid is a polymer of glycolic acid. It is a synthetic, absorbable, braided suture made with precisely calibrated fine threads, ensuring high strength, good tissue acceptance, excellent knot security, and smooth handling. It is coated with polycaprolactone and calcium stearate.<\/p>\n","protected":false},"featured_media":9110,"comment_status":"open","ping_status":"closed","template":"","meta":{"_acf_changed":false},"product_brand":[],"product_cat":[257,256],"product_tag":[],"class_list":{"0":"post-5802","1":"product","2":"type-product","3":"status-publish","4":"has-post-thumbnail","6":"product_cat-absorbable","7":"product_cat-surgical-sutures","9":"first","10":"instock","11":"shipping-taxable","12":"product-type-simple"},"acf":[],"yoast_head":"<!-- This site is optimized with the Yoast SEO plugin v26.8 - https:\/\/yoast.com\/product\/yoast-seo-wordpress\/ -->\n<title>Absorbable Suture Polyglycolic Acid. - Tagumedica<\/title>\n<meta name=\"description\" content=\"Absorbable Suture Polyglycolic Acid. It is indicated for use in every type of tissue approximation, including use in ophthalmic surgery but not in cardiovascular surgery, microsurgery or in nervous tissue\" \/>\n<meta name=\"robots\" content=\"index, follow, max-snippet:-1, max-image-preview:large, max-video-preview:-1\" \/>\n<link rel=\"canonical\" href=\"https:\/\/tagumedica.com\/en\/producto\/polyglycolic-acid\/\" \/>\n<meta property=\"og:locale\" content=\"en_US\" \/>\n<meta property=\"og:type\" content=\"article\" \/>\n<meta property=\"og:title\" content=\"Absorbable Suture Polyglycolic Acid. - Tagumedica\" \/>\n<meta property=\"og:description\" content=\"Absorbable Suture Polyglycolic Acid. It is indicated for use in every type of tissue approximation, including use in ophthalmic surgery but not in cardiovascular surgery, microsurgery or in nervous tissue\" \/>\n<meta property=\"og:url\" content=\"https:\/\/tagumedica.com\/en\/producto\/polyglycolic-acid\/\" \/>\n<meta property=\"og:site_name\" content=\"Tagumedica\" \/>\n<meta property=\"article:publisher\" content=\"https:\/\/www.facebook.com\/tagumedica\/\" \/>\n<meta property=\"article:modified_time\" content=\"2024-09-13T01:00:34+00:00\" \/>\n<meta property=\"og:image\" content=\"https:\/\/tagumedica.com\/wp-content\/uploads\/2021\/02\/Acido-Poliglicolico-1.jpg\" \/>\n\t<meta property=\"og:image:width\" content=\"1200\" \/>\n\t<meta property=\"og:image:height\" content=\"1200\" \/>\n\t<meta property=\"og:image:type\" content=\"image\/jpeg\" \/>\n<script type=\"application\/ld+json\" class=\"yoast-schema-graph\">{\"@context\":\"https:\/\/schema.org\",\"@graph\":[{\"@type\":\"WebPage\",\"@id\":\"https:\/\/tagumedica.com\/en\/producto\/polyglycolic-acid\/\",\"url\":\"https:\/\/tagumedica.com\/en\/producto\/polyglycolic-acid\/\",\"name\":\"Absorbable Suture Polyglycolic Acid. - Tagumedica\",\"isPartOf\":{\"@id\":\"https:\/\/tagumedica.com\/en\/#website\"},\"primaryImageOfPage\":{\"@id\":\"https:\/\/tagumedica.com\/en\/producto\/polyglycolic-acid\/#primaryimage\"},\"image\":{\"@id\":\"https:\/\/tagumedica.com\/en\/producto\/polyglycolic-acid\/#primaryimage\"},\"thumbnailUrl\":\"https:\/\/tagumedica.com\/wp-content\/uploads\/2021\/02\/Acido-Poliglicolico-1.jpg\",\"datePublished\":\"2021-02-25T13:49:05+00:00\",\"dateModified\":\"2024-09-13T01:00:34+00:00\",\"description\":\"Absorbable Suture Polyglycolic Acid. It is indicated for use in every type of tissue approximation, including use in ophthalmic surgery but not in cardiovascular surgery, microsurgery or in nervous tissue\",\"breadcrumb\":{\"@id\":\"https:\/\/tagumedica.com\/en\/producto\/polyglycolic-acid\/#breadcrumb\"},\"inLanguage\":\"en-US\",\"potentialAction\":[{\"@type\":\"ReadAction\",\"target\":[\"https:\/\/tagumedica.com\/en\/producto\/polyglycolic-acid\/\"]}]},{\"@type\":\"ImageObject\",\"inLanguage\":\"en-US\",\"@id\":\"https:\/\/tagumedica.com\/en\/producto\/polyglycolic-acid\/#primaryimage\",\"url\":\"https:\/\/tagumedica.com\/wp-content\/uploads\/2021\/02\/Acido-Poliglicolico-1.jpg\",\"contentUrl\":\"https:\/\/tagumedica.com\/wp-content\/uploads\/2021\/02\/Acido-Poliglicolico-1.jpg\",\"width\":1200,\"height\":1200},{\"@type\":\"BreadcrumbList\",\"@id\":\"https:\/\/tagumedica.com\/en\/producto\/polyglycolic-acid\/#breadcrumb\",\"itemListElement\":[{\"@type\":\"ListItem\",\"position\":1,\"name\":\"Portada\",\"item\":\"https:\/\/tagumedica.com\/en\/\"},{\"@type\":\"ListItem\",\"position\":2,\"name\":\"Products\",\"item\":\"https:\/\/tagumedica.com\/en\/products\/\"},{\"@type\":\"ListItem\",\"position\":3,\"name\":\"Polyglycolic Acid\"}]},{\"@type\":\"WebSite\",\"@id\":\"https:\/\/tagumedica.com\/en\/#website\",\"url\":\"https:\/\/tagumedica.com\/en\/\",\"name\":\"Tagumedica\",\"description\":\"Soluciones m\u00e9dicas de \u00faltima generaci\u00f3n para cirug\u00edas\",\"publisher\":{\"@id\":\"https:\/\/tagumedica.com\/en\/#organization\"},\"potentialAction\":[{\"@type\":\"SearchAction\",\"target\":{\"@type\":\"EntryPoint\",\"urlTemplate\":\"https:\/\/tagumedica.com\/en\/?s={search_term_string}\"},\"query-input\":{\"@type\":\"PropertyValueSpecification\",\"valueRequired\":true,\"valueName\":\"search_term_string\"}}],\"inLanguage\":\"en-US\"},{\"@type\":\"Organization\",\"@id\":\"https:\/\/tagumedica.com\/en\/#organization\",\"name\":\"Tagumedica\",\"alternateName\":\"Tagumedica\",\"url\":\"https:\/\/tagumedica.com\/en\/\",\"logo\":{\"@type\":\"ImageObject\",\"inLanguage\":\"en-US\",\"@id\":\"https:\/\/tagumedica.com\/en\/#\/schema\/logo\/image\/\",\"url\":\"https:\/\/tagumedica.com\/wp-content\/uploads\/2023\/04\/Tagumedica-logotipo.png\",\"contentUrl\":\"https:\/\/tagumedica.com\/wp-content\/uploads\/2023\/04\/Tagumedica-logotipo.png\",\"width\":380,\"height\":150,\"caption\":\"Tagumedica\"},\"image\":{\"@id\":\"https:\/\/tagumedica.com\/en\/#\/schema\/logo\/image\/\"},\"sameAs\":[\"https:\/\/www.facebook.com\/tagumedica\/\",\"https:\/\/www.instagram.com\/tagumedica\/\",\"https:\/\/www.youtube.com\/channel\/UCUl698cTwJbTfeI_cHVmJJQ\"]}]}<\/script>\n<!-- \/ Yoast SEO plugin. -->","yoast_head_json":{"title":"Absorbable Suture Polyglycolic Acid. - Tagumedica","description":"Absorbable Suture Polyglycolic Acid. It is indicated for use in every type of tissue approximation, including use in ophthalmic surgery but not in cardiovascular surgery, microsurgery or in nervous tissue","robots":{"index":"index","follow":"follow","max-snippet":"max-snippet:-1","max-image-preview":"max-image-preview:large","max-video-preview":"max-video-preview:-1"},"canonical":"https:\/\/tagumedica.com\/en\/producto\/polyglycolic-acid\/","og_locale":"en_US","og_type":"article","og_title":"Absorbable Suture Polyglycolic Acid. - Tagumedica","og_description":"Absorbable Suture Polyglycolic Acid. It is indicated for use in every type of tissue approximation, including use in ophthalmic surgery but not in cardiovascular surgery, microsurgery or in nervous tissue","og_url":"https:\/\/tagumedica.com\/en\/producto\/polyglycolic-acid\/","og_site_name":"Tagumedica","article_publisher":"https:\/\/www.facebook.com\/tagumedica\/","article_modified_time":"2024-09-13T01:00:34+00:00","og_image":[{"width":1200,"height":1200,"url":"https:\/\/tagumedica.com\/wp-content\/uploads\/2021\/02\/Acido-Poliglicolico-1.jpg","type":"image\/jpeg"}],"schema":{"@context":"https:\/\/schema.org","@graph":[{"@type":"WebPage","@id":"https:\/\/tagumedica.com\/en\/producto\/polyglycolic-acid\/","url":"https:\/\/tagumedica.com\/en\/producto\/polyglycolic-acid\/","name":"Absorbable Suture Polyglycolic Acid. - Tagumedica","isPartOf":{"@id":"https:\/\/tagumedica.com\/en\/#website"},"primaryImageOfPage":{"@id":"https:\/\/tagumedica.com\/en\/producto\/polyglycolic-acid\/#primaryimage"},"image":{"@id":"https:\/\/tagumedica.com\/en\/producto\/polyglycolic-acid\/#primaryimage"},"thumbnailUrl":"https:\/\/tagumedica.com\/wp-content\/uploads\/2021\/02\/Acido-Poliglicolico-1.jpg","datePublished":"2021-02-25T13:49:05+00:00","dateModified":"2024-09-13T01:00:34+00:00","description":"Absorbable Suture Polyglycolic Acid. It is indicated for use in every type of tissue approximation, including use in ophthalmic surgery but not in cardiovascular surgery, microsurgery or in nervous tissue","breadcrumb":{"@id":"https:\/\/tagumedica.com\/en\/producto\/polyglycolic-acid\/#breadcrumb"},"inLanguage":"en-US","potentialAction":[{"@type":"ReadAction","target":["https:\/\/tagumedica.com\/en\/producto\/polyglycolic-acid\/"]}]},{"@type":"ImageObject","inLanguage":"en-US","@id":"https:\/\/tagumedica.com\/en\/producto\/polyglycolic-acid\/#primaryimage","url":"https:\/\/tagumedica.com\/wp-content\/uploads\/2021\/02\/Acido-Poliglicolico-1.jpg","contentUrl":"https:\/\/tagumedica.com\/wp-content\/uploads\/2021\/02\/Acido-Poliglicolico-1.jpg","width":1200,"height":1200},{"@type":"BreadcrumbList","@id":"https:\/\/tagumedica.com\/en\/producto\/polyglycolic-acid\/#breadcrumb","itemListElement":[{"@type":"ListItem","position":1,"name":"Portada","item":"https:\/\/tagumedica.com\/en\/"},{"@type":"ListItem","position":2,"name":"Products","item":"https:\/\/tagumedica.com\/en\/products\/"},{"@type":"ListItem","position":3,"name":"Polyglycolic Acid"}]},{"@type":"WebSite","@id":"https:\/\/tagumedica.com\/en\/#website","url":"https:\/\/tagumedica.com\/en\/","name":"Tagumedica","description":"Soluciones m\u00e9dicas de \u00faltima generaci\u00f3n para cirug\u00edas","publisher":{"@id":"https:\/\/tagumedica.com\/en\/#organization"},"potentialAction":[{"@type":"SearchAction","target":{"@type":"EntryPoint","urlTemplate":"https:\/\/tagumedica.com\/en\/?s={search_term_string}"},"query-input":{"@type":"PropertyValueSpecification","valueRequired":true,"valueName":"search_term_string"}}],"inLanguage":"en-US"},{"@type":"Organization","@id":"https:\/\/tagumedica.com\/en\/#organization","name":"Tagumedica","alternateName":"Tagumedica","url":"https:\/\/tagumedica.com\/en\/","logo":{"@type":"ImageObject","inLanguage":"en-US","@id":"https:\/\/tagumedica.com\/en\/#\/schema\/logo\/image\/","url":"https:\/\/tagumedica.com\/wp-content\/uploads\/2023\/04\/Tagumedica-logotipo.png","contentUrl":"https:\/\/tagumedica.com\/wp-content\/uploads\/2023\/04\/Tagumedica-logotipo.png","width":380,"height":150,"caption":"Tagumedica"},"image":{"@id":"https:\/\/tagumedica.com\/en\/#\/schema\/logo\/image\/"},"sameAs":["https:\/\/www.facebook.com\/tagumedica\/","https:\/\/www.instagram.com\/tagumedica\/","https:\/\/www.youtube.com\/channel\/UCUl698cTwJbTfeI_cHVmJJQ"]}]}},"_links":{"self":[{"href":"https:\/\/tagumedica.com\/en\/wp-json\/wp\/v2\/product\/5802","targetHints":{"allow":["GET"]}}],"collection":[{"href":"https:\/\/tagumedica.com\/en\/wp-json\/wp\/v2\/product"}],"about":[{"href":"https:\/\/tagumedica.com\/en\/wp-json\/wp\/v2\/types\/product"}],"replies":[{"embeddable":true,"href":"https:\/\/tagumedica.com\/en\/wp-json\/wp\/v2\/comments?post=5802"}],"version-history":[{"count":0,"href":"https:\/\/tagumedica.com\/en\/wp-json\/wp\/v2\/product\/5802\/revisions"}],"wp:featuredmedia":[{"embeddable":true,"href":"https:\/\/tagumedica.com\/en\/wp-json\/wp\/v2\/media\/9110"}],"wp:attachment":[{"href":"https:\/\/tagumedica.com\/en\/wp-json\/wp\/v2\/media?parent=5802"}],"wp:term":[{"taxonomy":"product_brand","embeddable":true,"href":"https:\/\/tagumedica.com\/en\/wp-json\/wp\/v2\/product_brand?post=5802"},{"taxonomy":"product_cat","embeddable":true,"href":"https:\/\/tagumedica.com\/en\/wp-json\/wp\/v2\/product_cat?post=5802"},{"taxonomy":"product_tag","embeddable":true,"href":"https:\/\/tagumedica.com\/en\/wp-json\/wp\/v2\/product_tag?post=5802"}],"curies":[{"name":"wp","href":"https:\/\/api.w.org\/{rel}","templated":true}]}}