{"id":5843,"date":"2021-02-25T13:49:05","date_gmt":"2021-02-25T13:49:05","guid":{"rendered":"https:\/\/tagumedica.com\/producto\/malla-tejida-de-refuerzo-abdominal\/"},"modified":"2024-09-13T01:02:58","modified_gmt":"2024-09-13T01:02:58","slug":"woven-polypropylene-mesh-for-abdominal-reinforcement","status":"publish","type":"product","link":"https:\/\/tagumedica.com\/en\/producto\/woven-polypropylene-mesh-for-abdominal-reinforcement\/","title":{"rendered":"Woven polypropylene mesh for abdominal reinforcement"},"content":{"rendered":"<p><span style=\"font-weight: 400;\">Material composed of non-woven, porous, 100% polypropylene to facilitate tissue integration. Free of black spots or stains.<\/span><\/p>\n<ul>\n<li style=\"font-weight: 400;\" aria-level=\"1\"><span style=\"font-weight: 400;\">Long-term biocompatible material, with physical and mechanical characteristics which remain identical during implantation.<\/span><\/li>\n<li style=\"font-weight: 400;\" aria-level=\"1\"><span style=\"font-weight: 400;\">It does not shrink.<\/span><\/li>\n<li style=\"font-weight: 400;\" aria-level=\"1\"><span style=\"font-weight: 400;\">The areas of poor density enable a good colonization, thus limiting the amount of implanted material.<\/span><\/li>\n<\/ul>\n<p><b>Sterilization Method\u00a0<\/b><\/p>\n<ul>\n<li style=\"font-weight: 400;\" aria-level=\"1\"><span style=\"font-weight: 400;\">By ethylene oxide<\/span><\/li>\n<li style=\"font-weight: 400;\" aria-level=\"1\"><span style=\"font-weight: 400;\">Do not resterilize.<\/span><\/li>\n<\/ul>\n<p><b>Health Registration Number<\/b><\/p>\n<p><span style=\"font-weight: 400;\">DM0325N<\/span><\/p>\n<p><b>Presentation<\/b><\/p>\n<table>\n<tbody>\n<tr>\n<td><b>Shape<\/b><\/td>\n<td><b>Measure<\/b><\/td>\n<td><b>Presentation<\/b><\/td>\n<\/tr>\n<tr>\n<td><span style=\"font-weight: 400;\">Square<\/span><\/td>\n<td><span style=\"font-weight: 400;\">10.16 cm \u00d7 10.16 cm (4\u2033 \u00d7 4\u2033)<\/span><\/td>\n<td><span style=\"font-weight: 400;\">1 unit per box<\/span><\/td>\n<\/tr>\n<tr>\n<td><span style=\"font-weight: 400;\">Square<\/span><\/td>\n<td><span style=\"font-weight: 400;\">15.24 cm \u00d7 15.24 cm (6\u2033 \u00d7 6\u2033)<\/span><\/td>\n<td><span style=\"font-weight: 400;\">1 unit per box<\/span><\/td>\n<\/tr>\n<tr>\n<td><span style=\"font-weight: 400;\">Square<\/span><\/td>\n<td><span style=\"font-weight: 400;\">30.48 cm \u00d7 30.48 cm (12\u2033 \u00d7 12\u2033)<\/span><\/td>\n<td><span style=\"font-weight: 400;\">1 unit per box<\/span><\/td>\n<\/tr>\n<tr>\n<td><span style=\"font-weight: 400;\">Rectangular<\/span><\/td>\n<td><span style=\"font-weight: 400;\">24.40 cm \u00d7 35.56 cm (10\u2033 \u00d7 14\u2033)<\/span><\/td>\n<td><span style=\"font-weight: 400;\">1 unit per box<\/span><\/td>\n<\/tr>\n<tr>\n<td colspan=\"3\"><span style=\"font-weight: 400;\">Other sizes as required by the user.<\/span><\/td>\n<\/tr>\n<\/tbody>\n<\/table>\n<p><b>Indications<\/b><\/p>\n<p><span style=\"font-weight: 400;\">\u00a0This product is indicated for use in abdominal wall hernia repairs, eventrations, rectal and genitourinary prolapses, transparietal laparoscopic surgery, without visceral contact.<\/span><\/p>\n<p><b>Warnings<\/b><\/p>\n<ul>\n<li style=\"font-weight: 400;\" aria-level=\"1\"><span style=\"font-weight: 400;\">To prevent the formation of visceral adhesions, the contact of POLYPROPYLENE MESH with the viscera must be avoided.<\/span><\/li>\n<li style=\"font-weight: 400;\" aria-level=\"1\"><span style=\"font-weight: 400;\">For more information, please read the product\u2019s package insert.<\/span><\/li>\n<\/ul>\n<p><b>Precautions<\/b><\/p>\n<ul>\n<li style=\"font-weight: 400;\" aria-level=\"1\"><span style=\"font-weight: 400;\">Before placing the POLYPROPYLENE MESH, the surgeon must be familiar with surgical techniques and with its specific applications and <\/span><i><span style=\"font-weight: 400;\">in-vivo<\/span><\/i><span style=\"font-weight: 400;\"> properties.<\/span><\/li>\n<li style=\"font-weight: 400;\" aria-level=\"1\"><span style=\"font-weight: 400;\">Verify the package integrity before use in order to ensure sterility.<\/span><\/li>\n<li style=\"font-weight: 400;\" aria-level=\"1\"><span style=\"font-weight: 400;\">Do not use if the package is opened or damaged.<\/span><\/li>\n<li style=\"font-weight: 400;\" aria-level=\"1\"><span style=\"font-weight: 400;\">Do not use after the expiration date on the label.<\/span><\/li>\n<\/ul>\n<p><b>Contraindications<\/b><\/p>\n<p><span style=\"font-weight: 400;\">The device should not be used on growing children, people with infectious diseases, or allergic to polymers.<\/span><\/p>\n","protected":false},"excerpt":{"rendered":"<p>Material composed of non-woven, porous, 100% polypropylene to facilitate tissue integration. Free of black spots or stains. Long-term biocompatible material, with physical and mechanical characteristics which remain identical during implantation. It does not shrink. The areas of poor density enable a good colonization, thus limiting the amount of implanted material. Sterilization Method\u00a0 By ethylene oxide [&hellip;]<\/p>\n","protected":false},"featured_media":4713,"comment_status":"open","ping_status":"closed","template":"","meta":{"_acf_changed":false},"product_brand":[],"product_cat":[260],"product_tag":[],"class_list":{"0":"post-5843","1":"product","2":"type-product","3":"status-publish","4":"has-post-thumbnail","6":"product_cat-meshes","8":"first","9":"instock","10":"shipping-taxable","11":"product-type-simple"},"acf":[],"yoast_head":"<!-- This site is optimized with the Yoast SEO plugin v26.8 - https:\/\/yoast.com\/product\/yoast-seo-wordpress\/ -->\n<title>Woven polypropylene mesh for abdominal reinforcement - Tagumedica<\/title>\n<meta name=\"description\" content=\"Material composed of non-woven, porous, 100% polypropylene to facilitate tissue integration. Free of black spots or stains.\" \/>\n<meta name=\"robots\" content=\"index, follow, max-snippet:-1, max-image-preview:large, max-video-preview:-1\" \/>\n<link rel=\"canonical\" href=\"https:\/\/tagumedica.com\/en\/producto\/woven-polypropylene-mesh-for-abdominal-reinforcement\/\" \/>\n<meta property=\"og:locale\" content=\"en_US\" \/>\n<meta property=\"og:type\" content=\"article\" \/>\n<meta property=\"og:title\" content=\"Woven polypropylene mesh for abdominal reinforcement - Tagumedica\" \/>\n<meta property=\"og:description\" content=\"Material composed of non-woven, porous, 100% polypropylene to facilitate tissue integration. Free of black spots or stains.\" \/>\n<meta property=\"og:url\" content=\"https:\/\/tagumedica.com\/en\/producto\/woven-polypropylene-mesh-for-abdominal-reinforcement\/\" \/>\n<meta property=\"og:site_name\" content=\"Tagumedica\" \/>\n<meta property=\"article:publisher\" content=\"https:\/\/www.facebook.com\/tagumedica\/\" \/>\n<meta property=\"article:modified_time\" content=\"2024-09-13T01:02:58+00:00\" \/>\n<meta property=\"og:image\" content=\"https:\/\/tagumedica.com\/wp-content\/uploads\/2021\/02\/DSC_2595-1.jpg\" \/>\n\t<meta property=\"og:image:width\" content=\"1500\" \/>\n\t<meta property=\"og:image:height\" content=\"998\" \/>\n\t<meta property=\"og:image:type\" content=\"image\/jpeg\" \/>\n<script type=\"application\/ld+json\" class=\"yoast-schema-graph\">{\"@context\":\"https:\/\/schema.org\",\"@graph\":[{\"@type\":\"WebPage\",\"@id\":\"https:\/\/tagumedica.com\/en\/producto\/woven-polypropylene-mesh-for-abdominal-reinforcement\/\",\"url\":\"https:\/\/tagumedica.com\/en\/producto\/woven-polypropylene-mesh-for-abdominal-reinforcement\/\",\"name\":\"Woven polypropylene mesh for abdominal reinforcement - Tagumedica\",\"isPartOf\":{\"@id\":\"https:\/\/tagumedica.com\/en\/#website\"},\"primaryImageOfPage\":{\"@id\":\"https:\/\/tagumedica.com\/en\/producto\/woven-polypropylene-mesh-for-abdominal-reinforcement\/#primaryimage\"},\"image\":{\"@id\":\"https:\/\/tagumedica.com\/en\/producto\/woven-polypropylene-mesh-for-abdominal-reinforcement\/#primaryimage\"},\"thumbnailUrl\":\"https:\/\/tagumedica.com\/wp-content\/uploads\/2021\/02\/DSC_2595-1.jpg\",\"datePublished\":\"2021-02-25T13:49:05+00:00\",\"dateModified\":\"2024-09-13T01:02:58+00:00\",\"description\":\"Material composed of non-woven, porous, 100% polypropylene to facilitate tissue integration. Free of black spots or stains.\",\"breadcrumb\":{\"@id\":\"https:\/\/tagumedica.com\/en\/producto\/woven-polypropylene-mesh-for-abdominal-reinforcement\/#breadcrumb\"},\"inLanguage\":\"en-US\",\"potentialAction\":[{\"@type\":\"ReadAction\",\"target\":[\"https:\/\/tagumedica.com\/en\/producto\/woven-polypropylene-mesh-for-abdominal-reinforcement\/\"]}]},{\"@type\":\"ImageObject\",\"inLanguage\":\"en-US\",\"@id\":\"https:\/\/tagumedica.com\/en\/producto\/woven-polypropylene-mesh-for-abdominal-reinforcement\/#primaryimage\",\"url\":\"https:\/\/tagumedica.com\/wp-content\/uploads\/2021\/02\/DSC_2595-1.jpg\",\"contentUrl\":\"https:\/\/tagumedica.com\/wp-content\/uploads\/2021\/02\/DSC_2595-1.jpg\",\"width\":1500,\"height\":998},{\"@type\":\"BreadcrumbList\",\"@id\":\"https:\/\/tagumedica.com\/en\/producto\/woven-polypropylene-mesh-for-abdominal-reinforcement\/#breadcrumb\",\"itemListElement\":[{\"@type\":\"ListItem\",\"position\":1,\"name\":\"Portada\",\"item\":\"https:\/\/tagumedica.com\/en\/\"},{\"@type\":\"ListItem\",\"position\":2,\"name\":\"Products\",\"item\":\"https:\/\/tagumedica.com\/en\/products\/\"},{\"@type\":\"ListItem\",\"position\":3,\"name\":\"Woven polypropylene mesh for abdominal reinforcement\"}]},{\"@type\":\"WebSite\",\"@id\":\"https:\/\/tagumedica.com\/en\/#website\",\"url\":\"https:\/\/tagumedica.com\/en\/\",\"name\":\"Tagumedica\",\"description\":\"Soluciones m\u00e9dicas de \u00faltima generaci\u00f3n para cirug\u00edas\",\"publisher\":{\"@id\":\"https:\/\/tagumedica.com\/en\/#organization\"},\"potentialAction\":[{\"@type\":\"SearchAction\",\"target\":{\"@type\":\"EntryPoint\",\"urlTemplate\":\"https:\/\/tagumedica.com\/en\/?s={search_term_string}\"},\"query-input\":{\"@type\":\"PropertyValueSpecification\",\"valueRequired\":true,\"valueName\":\"search_term_string\"}}],\"inLanguage\":\"en-US\"},{\"@type\":\"Organization\",\"@id\":\"https:\/\/tagumedica.com\/en\/#organization\",\"name\":\"Tagumedica\",\"alternateName\":\"Tagumedica\",\"url\":\"https:\/\/tagumedica.com\/en\/\",\"logo\":{\"@type\":\"ImageObject\",\"inLanguage\":\"en-US\",\"@id\":\"https:\/\/tagumedica.com\/en\/#\/schema\/logo\/image\/\",\"url\":\"https:\/\/tagumedica.com\/wp-content\/uploads\/2023\/04\/Tagumedica-logotipo.png\",\"contentUrl\":\"https:\/\/tagumedica.com\/wp-content\/uploads\/2023\/04\/Tagumedica-logotipo.png\",\"width\":380,\"height\":150,\"caption\":\"Tagumedica\"},\"image\":{\"@id\":\"https:\/\/tagumedica.com\/en\/#\/schema\/logo\/image\/\"},\"sameAs\":[\"https:\/\/www.facebook.com\/tagumedica\/\",\"https:\/\/www.instagram.com\/tagumedica\/\",\"https:\/\/www.youtube.com\/channel\/UCUl698cTwJbTfeI_cHVmJJQ\"]}]}<\/script>\n<!-- \/ Yoast SEO plugin. -->","yoast_head_json":{"title":"Woven polypropylene mesh for abdominal reinforcement - Tagumedica","description":"Material composed of non-woven, porous, 100% polypropylene to facilitate tissue integration. Free of black spots or stains.","robots":{"index":"index","follow":"follow","max-snippet":"max-snippet:-1","max-image-preview":"max-image-preview:large","max-video-preview":"max-video-preview:-1"},"canonical":"https:\/\/tagumedica.com\/en\/producto\/woven-polypropylene-mesh-for-abdominal-reinforcement\/","og_locale":"en_US","og_type":"article","og_title":"Woven polypropylene mesh for abdominal reinforcement - Tagumedica","og_description":"Material composed of non-woven, porous, 100% polypropylene to facilitate tissue integration. Free of black spots or stains.","og_url":"https:\/\/tagumedica.com\/en\/producto\/woven-polypropylene-mesh-for-abdominal-reinforcement\/","og_site_name":"Tagumedica","article_publisher":"https:\/\/www.facebook.com\/tagumedica\/","article_modified_time":"2024-09-13T01:02:58+00:00","og_image":[{"width":1500,"height":998,"url":"https:\/\/tagumedica.com\/wp-content\/uploads\/2021\/02\/DSC_2595-1.jpg","type":"image\/jpeg"}],"schema":{"@context":"https:\/\/schema.org","@graph":[{"@type":"WebPage","@id":"https:\/\/tagumedica.com\/en\/producto\/woven-polypropylene-mesh-for-abdominal-reinforcement\/","url":"https:\/\/tagumedica.com\/en\/producto\/woven-polypropylene-mesh-for-abdominal-reinforcement\/","name":"Woven polypropylene mesh for abdominal reinforcement - Tagumedica","isPartOf":{"@id":"https:\/\/tagumedica.com\/en\/#website"},"primaryImageOfPage":{"@id":"https:\/\/tagumedica.com\/en\/producto\/woven-polypropylene-mesh-for-abdominal-reinforcement\/#primaryimage"},"image":{"@id":"https:\/\/tagumedica.com\/en\/producto\/woven-polypropylene-mesh-for-abdominal-reinforcement\/#primaryimage"},"thumbnailUrl":"https:\/\/tagumedica.com\/wp-content\/uploads\/2021\/02\/DSC_2595-1.jpg","datePublished":"2021-02-25T13:49:05+00:00","dateModified":"2024-09-13T01:02:58+00:00","description":"Material composed of non-woven, porous, 100% polypropylene to facilitate tissue integration. Free of black spots or stains.","breadcrumb":{"@id":"https:\/\/tagumedica.com\/en\/producto\/woven-polypropylene-mesh-for-abdominal-reinforcement\/#breadcrumb"},"inLanguage":"en-US","potentialAction":[{"@type":"ReadAction","target":["https:\/\/tagumedica.com\/en\/producto\/woven-polypropylene-mesh-for-abdominal-reinforcement\/"]}]},{"@type":"ImageObject","inLanguage":"en-US","@id":"https:\/\/tagumedica.com\/en\/producto\/woven-polypropylene-mesh-for-abdominal-reinforcement\/#primaryimage","url":"https:\/\/tagumedica.com\/wp-content\/uploads\/2021\/02\/DSC_2595-1.jpg","contentUrl":"https:\/\/tagumedica.com\/wp-content\/uploads\/2021\/02\/DSC_2595-1.jpg","width":1500,"height":998},{"@type":"BreadcrumbList","@id":"https:\/\/tagumedica.com\/en\/producto\/woven-polypropylene-mesh-for-abdominal-reinforcement\/#breadcrumb","itemListElement":[{"@type":"ListItem","position":1,"name":"Portada","item":"https:\/\/tagumedica.com\/en\/"},{"@type":"ListItem","position":2,"name":"Products","item":"https:\/\/tagumedica.com\/en\/products\/"},{"@type":"ListItem","position":3,"name":"Woven polypropylene mesh for abdominal reinforcement"}]},{"@type":"WebSite","@id":"https:\/\/tagumedica.com\/en\/#website","url":"https:\/\/tagumedica.com\/en\/","name":"Tagumedica","description":"Soluciones m\u00e9dicas de \u00faltima generaci\u00f3n para cirug\u00edas","publisher":{"@id":"https:\/\/tagumedica.com\/en\/#organization"},"potentialAction":[{"@type":"SearchAction","target":{"@type":"EntryPoint","urlTemplate":"https:\/\/tagumedica.com\/en\/?s={search_term_string}"},"query-input":{"@type":"PropertyValueSpecification","valueRequired":true,"valueName":"search_term_string"}}],"inLanguage":"en-US"},{"@type":"Organization","@id":"https:\/\/tagumedica.com\/en\/#organization","name":"Tagumedica","alternateName":"Tagumedica","url":"https:\/\/tagumedica.com\/en\/","logo":{"@type":"ImageObject","inLanguage":"en-US","@id":"https:\/\/tagumedica.com\/en\/#\/schema\/logo\/image\/","url":"https:\/\/tagumedica.com\/wp-content\/uploads\/2023\/04\/Tagumedica-logotipo.png","contentUrl":"https:\/\/tagumedica.com\/wp-content\/uploads\/2023\/04\/Tagumedica-logotipo.png","width":380,"height":150,"caption":"Tagumedica"},"image":{"@id":"https:\/\/tagumedica.com\/en\/#\/schema\/logo\/image\/"},"sameAs":["https:\/\/www.facebook.com\/tagumedica\/","https:\/\/www.instagram.com\/tagumedica\/","https:\/\/www.youtube.com\/channel\/UCUl698cTwJbTfeI_cHVmJJQ"]}]}},"_links":{"self":[{"href":"https:\/\/tagumedica.com\/en\/wp-json\/wp\/v2\/product\/5843","targetHints":{"allow":["GET"]}}],"collection":[{"href":"https:\/\/tagumedica.com\/en\/wp-json\/wp\/v2\/product"}],"about":[{"href":"https:\/\/tagumedica.com\/en\/wp-json\/wp\/v2\/types\/product"}],"replies":[{"embeddable":true,"href":"https:\/\/tagumedica.com\/en\/wp-json\/wp\/v2\/comments?post=5843"}],"version-history":[{"count":0,"href":"https:\/\/tagumedica.com\/en\/wp-json\/wp\/v2\/product\/5843\/revisions"}],"wp:featuredmedia":[{"embeddable":true,"href":"https:\/\/tagumedica.com\/en\/wp-json\/wp\/v2\/media\/4713"}],"wp:attachment":[{"href":"https:\/\/tagumedica.com\/en\/wp-json\/wp\/v2\/media?parent=5843"}],"wp:term":[{"taxonomy":"product_brand","embeddable":true,"href":"https:\/\/tagumedica.com\/en\/wp-json\/wp\/v2\/product_brand?post=5843"},{"taxonomy":"product_cat","embeddable":true,"href":"https:\/\/tagumedica.com\/en\/wp-json\/wp\/v2\/product_cat?post=5843"},{"taxonomy":"product_tag","embeddable":true,"href":"https:\/\/tagumedica.com\/en\/wp-json\/wp\/v2\/product_tag?post=5843"}],"curies":[{"name":"wp","href":"https:\/\/api.w.org\/{rel}","templated":true}]}}