{"id":5859,"date":"2021-10-05T04:45:04","date_gmt":"2021-10-05T04:45:04","guid":{"rendered":"https:\/\/tagumedica.com\/?post_type=product&#038;p=5859"},"modified":"2024-09-12T23:25:34","modified_gmt":"2024-09-12T23:25:34","slug":"polyglactin-plus","status":"publish","type":"product","link":"https:\/\/tagumedica.com\/en\/producto\/polyglactin-plus\/","title":{"rendered":"Polyglactin Plus"},"content":{"rendered":"<h5><b>Type of Absorption<\/b><\/h5>\n<p><span style=\"font-weight: 400;\">By hydrolytic action<\/span><\/p>\n<h5><b>Color<\/b><\/h5>\n<p><span style=\"font-weight: 400;\">Violet and undyed<\/span><\/p>\n<h5><b>Structure<\/b><\/h5>\n<p><span style=\"font-weight: 400;\">Braided<\/span><\/p>\n<h5><b>Gauge<\/b><\/h5>\n<p><span style=\"font-weight: 400;\">5\/0 to 1<\/span><\/p>\n<h5><b>Sterilization<\/b><\/h5>\n<p><span style=\"font-weight: 400;\">Ethylene oxide<\/span><\/p>\n<h5><b>Health Registration Number<\/b><\/h5>\n<p><span style=\"font-weight: 400;\">DM0189N<\/span><\/p>\n<h5><b>Presentation<\/b><\/h5>\n<p><span style=\"font-weight: 400;\">Available in different gauges and lengths, with or without surgical steel needle. Available in boxes of 12, 24, and 36 units.<\/span><\/p>\n<h5><b>Indications<\/b><\/h5>\n<p><span style=\"font-weight: 400;\">Polyglactin Plus suture is indicated for use in every type of soft tissue approximation and ligation, except in ophthalmic, cardiovascular, and neurological surgery.<\/span><\/p>\n<p><b>Warnings<\/b><\/p>\n<ul>\n<li style=\"font-weight: 400;\" aria-level=\"1\"><span style=\"font-weight: 400;\">For single use only. DO NOT RESTERILIZE.<\/span><\/li>\n<li style=\"font-weight: 400;\" aria-level=\"1\"><span style=\"font-weight: 400;\">Discard remaining unused strands.<\/span><\/li>\n<li style=\"font-weight: 400;\" aria-level=\"1\"><span style=\"font-weight: 400;\">Do not rub the strand with a surgical glove or with gauze.<\/span><\/li>\n<li style=\"font-weight: 400;\" aria-level=\"1\"><span style=\"font-weight: 400;\">Users should be familiar with surgical procedures and techniques involving absorbable sutures before using the product.<\/span><\/li>\n<li style=\"font-weight: 400;\" aria-level=\"1\"><span style=\"font-weight: 400;\">The use of this suture may be inappropriate for elderly patients, malnourished or weakened patients, or patients with any conditions which may contribute to delayed wound healing.<\/span><\/li>\n<li style=\"font-weight: 400;\" aria-level=\"1\"><span style=\"font-weight: 400;\">Do not use the suture if the package is opened or damaged! Discard open, unused sutures.<\/span><\/li>\n<li style=\"font-weight: 400;\" aria-level=\"1\"><span style=\"font-weight: 400;\">For more information, please read the product\u2019s package insert.<\/span><\/li>\n<\/ul>\n<p><b>Precautions<\/b><\/p>\n<p><span style=\"font-weight: 400;\">In handling suture materials, care should be taken to avoid damage from handling. Avoid crushing or crimping damage due to application of surgical instruments such as forceps or needle holders. Adequate knot security requires the accepted surgical techniques.<\/span><\/p>\n","protected":false},"excerpt":{"rendered":"<div class=\"flex max-w-full flex-col flex-grow\">\n<div class=\"min-h-[20px] text-message flex w-full flex-col items-end gap-2 whitespace-normal break-words [.text-message+&amp;]:mt-5\" dir=\"auto\" data-message-author-role=\"assistant\" data-message-id=\"4a22c1ae-b02f-4fb2-8852-1ded4daaa298\">\n<div class=\"flex w-full flex-col gap-1 empty:hidden first:pt-[3px]\">\n<div class=\"markdown prose w-full break-words dark:prose-invert dark\">\n<p>Polyglycolic acid is a synthetic, braided, absorbable surgical suture, composed of a copolymer of 90% glycolide and 10% L-lactide. It features a coating of polyglycolic acid and calcium stearate.<\/p>\n<\/div>\n<\/div>\n<\/div>\n<\/div>\n<div class=\"mt-1 flex gap-3 empty:hidden -ml-2\">\n<div class=\"items-center justify-start rounded-xl p-1 flex\">\n<div class=\"flex items-center\">\n<div class=\"flex\"><\/div>\n<div class=\"flex items-center pb-0\"><\/div>\n<\/div>\n<\/div>\n<\/div>\n","protected":false},"featured_media":4712,"comment_status":"open","ping_status":"closed","template":"","meta":{"_acf_changed":false},"product_brand":[],"product_cat":[257,254,256],"product_tag":[],"class_list":{"0":"post-5859","1":"product","2":"type-product","3":"status-publish","4":"has-post-thumbnail","6":"product_cat-absorbable","7":"product_cat-open-surgery","8":"product_cat-surgical-sutures","10":"first","11":"instock","12":"shipping-taxable","13":"product-type-simple"},"acf":[],"yoast_head":"<!-- This site is optimized with the Yoast SEO plugin v26.8 - https:\/\/yoast.com\/product\/yoast-seo-wordpress\/ -->\n<title>Absorbable Suture Polyglactin Acid Plus- Tagumedica<\/title>\n<meta name=\"description\" content=\"Absorbable Suture Polyglactin Acid Plus. It is indicated for use in every type of soft tissue approximation and ligation. Except in ophthalmic, cardiovascular and neurological surgery\" \/>\n<meta name=\"robots\" content=\"index, follow, max-snippet:-1, max-image-preview:large, max-video-preview:-1\" \/>\n<link rel=\"canonical\" href=\"https:\/\/tagumedica.com\/en\/producto\/polyglactin-plus\/\" \/>\n<meta property=\"og:locale\" content=\"en_US\" \/>\n<meta property=\"og:type\" content=\"article\" \/>\n<meta property=\"og:title\" content=\"Absorbable Suture Polyglactin Acid Plus- Tagumedica\" \/>\n<meta property=\"og:description\" content=\"Absorbable Suture Polyglactin Acid Plus. It is indicated for use in every type of soft tissue approximation and ligation. Except in ophthalmic, cardiovascular and neurological surgery\" \/>\n<meta property=\"og:url\" content=\"https:\/\/tagumedica.com\/en\/producto\/polyglactin-plus\/\" \/>\n<meta property=\"og:site_name\" content=\"Tagumedica\" \/>\n<meta property=\"article:publisher\" content=\"https:\/\/www.facebook.com\/tagumedica\/\" \/>\n<meta property=\"article:modified_time\" content=\"2024-09-12T23:25:34+00:00\" \/>\n<meta property=\"og:image\" content=\"https:\/\/tagumedica.com\/wp-content\/uploads\/2021\/02\/Acido-Poliglactin.jpg\" \/>\n\t<meta property=\"og:image:width\" content=\"1656\" \/>\n\t<meta property=\"og:image:height\" content=\"1132\" \/>\n\t<meta property=\"og:image:type\" content=\"image\/jpeg\" \/>\n<script type=\"application\/ld+json\" class=\"yoast-schema-graph\">{\"@context\":\"https:\/\/schema.org\",\"@graph\":[{\"@type\":\"WebPage\",\"@id\":\"https:\/\/tagumedica.com\/en\/producto\/polyglactin-plus\/\",\"url\":\"https:\/\/tagumedica.com\/en\/producto\/polyglactin-plus\/\",\"name\":\"Absorbable Suture Polyglactin Acid Plus- Tagumedica\",\"isPartOf\":{\"@id\":\"https:\/\/tagumedica.com\/en\/#website\"},\"primaryImageOfPage\":{\"@id\":\"https:\/\/tagumedica.com\/en\/producto\/polyglactin-plus\/#primaryimage\"},\"image\":{\"@id\":\"https:\/\/tagumedica.com\/en\/producto\/polyglactin-plus\/#primaryimage\"},\"thumbnailUrl\":\"https:\/\/tagumedica.com\/wp-content\/uploads\/2021\/02\/Acido-Poliglactin.jpg\",\"datePublished\":\"2021-10-05T04:45:04+00:00\",\"dateModified\":\"2024-09-12T23:25:34+00:00\",\"description\":\"Absorbable Suture Polyglactin Acid Plus. It is indicated for use in every type of soft tissue approximation and ligation. Except in ophthalmic, cardiovascular and neurological surgery\",\"breadcrumb\":{\"@id\":\"https:\/\/tagumedica.com\/en\/producto\/polyglactin-plus\/#breadcrumb\"},\"inLanguage\":\"en-US\",\"potentialAction\":[{\"@type\":\"ReadAction\",\"target\":[\"https:\/\/tagumedica.com\/en\/producto\/polyglactin-plus\/\"]}]},{\"@type\":\"ImageObject\",\"inLanguage\":\"en-US\",\"@id\":\"https:\/\/tagumedica.com\/en\/producto\/polyglactin-plus\/#primaryimage\",\"url\":\"https:\/\/tagumedica.com\/wp-content\/uploads\/2021\/02\/Acido-Poliglactin.jpg\",\"contentUrl\":\"https:\/\/tagumedica.com\/wp-content\/uploads\/2021\/02\/Acido-Poliglactin.jpg\",\"width\":1656,\"height\":1132},{\"@type\":\"BreadcrumbList\",\"@id\":\"https:\/\/tagumedica.com\/en\/producto\/polyglactin-plus\/#breadcrumb\",\"itemListElement\":[{\"@type\":\"ListItem\",\"position\":1,\"name\":\"Portada\",\"item\":\"https:\/\/tagumedica.com\/en\/\"},{\"@type\":\"ListItem\",\"position\":2,\"name\":\"Products\",\"item\":\"https:\/\/tagumedica.com\/en\/products\/\"},{\"@type\":\"ListItem\",\"position\":3,\"name\":\"Polyglactin Plus\"}]},{\"@type\":\"WebSite\",\"@id\":\"https:\/\/tagumedica.com\/en\/#website\",\"url\":\"https:\/\/tagumedica.com\/en\/\",\"name\":\"Tagumedica\",\"description\":\"Soluciones m\u00e9dicas de \u00faltima generaci\u00f3n para cirug\u00edas\",\"publisher\":{\"@id\":\"https:\/\/tagumedica.com\/en\/#organization\"},\"potentialAction\":[{\"@type\":\"SearchAction\",\"target\":{\"@type\":\"EntryPoint\",\"urlTemplate\":\"https:\/\/tagumedica.com\/en\/?s={search_term_string}\"},\"query-input\":{\"@type\":\"PropertyValueSpecification\",\"valueRequired\":true,\"valueName\":\"search_term_string\"}}],\"inLanguage\":\"en-US\"},{\"@type\":\"Organization\",\"@id\":\"https:\/\/tagumedica.com\/en\/#organization\",\"name\":\"Tagumedica\",\"alternateName\":\"Tagumedica\",\"url\":\"https:\/\/tagumedica.com\/en\/\",\"logo\":{\"@type\":\"ImageObject\",\"inLanguage\":\"en-US\",\"@id\":\"https:\/\/tagumedica.com\/en\/#\/schema\/logo\/image\/\",\"url\":\"https:\/\/tagumedica.com\/wp-content\/uploads\/2023\/04\/Tagumedica-logotipo.png\",\"contentUrl\":\"https:\/\/tagumedica.com\/wp-content\/uploads\/2023\/04\/Tagumedica-logotipo.png\",\"width\":380,\"height\":150,\"caption\":\"Tagumedica\"},\"image\":{\"@id\":\"https:\/\/tagumedica.com\/en\/#\/schema\/logo\/image\/\"},\"sameAs\":[\"https:\/\/www.facebook.com\/tagumedica\/\",\"https:\/\/www.instagram.com\/tagumedica\/\",\"https:\/\/www.youtube.com\/channel\/UCUl698cTwJbTfeI_cHVmJJQ\"]}]}<\/script>\n<!-- \/ Yoast SEO plugin. -->","yoast_head_json":{"title":"Absorbable Suture Polyglactin Acid Plus- Tagumedica","description":"Absorbable Suture Polyglactin Acid Plus. It is indicated for use in every type of soft tissue approximation and ligation. Except in ophthalmic, cardiovascular and neurological surgery","robots":{"index":"index","follow":"follow","max-snippet":"max-snippet:-1","max-image-preview":"max-image-preview:large","max-video-preview":"max-video-preview:-1"},"canonical":"https:\/\/tagumedica.com\/en\/producto\/polyglactin-plus\/","og_locale":"en_US","og_type":"article","og_title":"Absorbable Suture Polyglactin Acid Plus- Tagumedica","og_description":"Absorbable Suture Polyglactin Acid Plus. It is indicated for use in every type of soft tissue approximation and ligation. Except in ophthalmic, cardiovascular and neurological surgery","og_url":"https:\/\/tagumedica.com\/en\/producto\/polyglactin-plus\/","og_site_name":"Tagumedica","article_publisher":"https:\/\/www.facebook.com\/tagumedica\/","article_modified_time":"2024-09-12T23:25:34+00:00","og_image":[{"width":1656,"height":1132,"url":"https:\/\/tagumedica.com\/wp-content\/uploads\/2021\/02\/Acido-Poliglactin.jpg","type":"image\/jpeg"}],"schema":{"@context":"https:\/\/schema.org","@graph":[{"@type":"WebPage","@id":"https:\/\/tagumedica.com\/en\/producto\/polyglactin-plus\/","url":"https:\/\/tagumedica.com\/en\/producto\/polyglactin-plus\/","name":"Absorbable Suture Polyglactin Acid Plus- Tagumedica","isPartOf":{"@id":"https:\/\/tagumedica.com\/en\/#website"},"primaryImageOfPage":{"@id":"https:\/\/tagumedica.com\/en\/producto\/polyglactin-plus\/#primaryimage"},"image":{"@id":"https:\/\/tagumedica.com\/en\/producto\/polyglactin-plus\/#primaryimage"},"thumbnailUrl":"https:\/\/tagumedica.com\/wp-content\/uploads\/2021\/02\/Acido-Poliglactin.jpg","datePublished":"2021-10-05T04:45:04+00:00","dateModified":"2024-09-12T23:25:34+00:00","description":"Absorbable Suture Polyglactin Acid Plus. It is indicated for use in every type of soft tissue approximation and ligation. Except in ophthalmic, cardiovascular and neurological surgery","breadcrumb":{"@id":"https:\/\/tagumedica.com\/en\/producto\/polyglactin-plus\/#breadcrumb"},"inLanguage":"en-US","potentialAction":[{"@type":"ReadAction","target":["https:\/\/tagumedica.com\/en\/producto\/polyglactin-plus\/"]}]},{"@type":"ImageObject","inLanguage":"en-US","@id":"https:\/\/tagumedica.com\/en\/producto\/polyglactin-plus\/#primaryimage","url":"https:\/\/tagumedica.com\/wp-content\/uploads\/2021\/02\/Acido-Poliglactin.jpg","contentUrl":"https:\/\/tagumedica.com\/wp-content\/uploads\/2021\/02\/Acido-Poliglactin.jpg","width":1656,"height":1132},{"@type":"BreadcrumbList","@id":"https:\/\/tagumedica.com\/en\/producto\/polyglactin-plus\/#breadcrumb","itemListElement":[{"@type":"ListItem","position":1,"name":"Portada","item":"https:\/\/tagumedica.com\/en\/"},{"@type":"ListItem","position":2,"name":"Products","item":"https:\/\/tagumedica.com\/en\/products\/"},{"@type":"ListItem","position":3,"name":"Polyglactin Plus"}]},{"@type":"WebSite","@id":"https:\/\/tagumedica.com\/en\/#website","url":"https:\/\/tagumedica.com\/en\/","name":"Tagumedica","description":"Soluciones m\u00e9dicas de \u00faltima generaci\u00f3n para cirug\u00edas","publisher":{"@id":"https:\/\/tagumedica.com\/en\/#organization"},"potentialAction":[{"@type":"SearchAction","target":{"@type":"EntryPoint","urlTemplate":"https:\/\/tagumedica.com\/en\/?s={search_term_string}"},"query-input":{"@type":"PropertyValueSpecification","valueRequired":true,"valueName":"search_term_string"}}],"inLanguage":"en-US"},{"@type":"Organization","@id":"https:\/\/tagumedica.com\/en\/#organization","name":"Tagumedica","alternateName":"Tagumedica","url":"https:\/\/tagumedica.com\/en\/","logo":{"@type":"ImageObject","inLanguage":"en-US","@id":"https:\/\/tagumedica.com\/en\/#\/schema\/logo\/image\/","url":"https:\/\/tagumedica.com\/wp-content\/uploads\/2023\/04\/Tagumedica-logotipo.png","contentUrl":"https:\/\/tagumedica.com\/wp-content\/uploads\/2023\/04\/Tagumedica-logotipo.png","width":380,"height":150,"caption":"Tagumedica"},"image":{"@id":"https:\/\/tagumedica.com\/en\/#\/schema\/logo\/image\/"},"sameAs":["https:\/\/www.facebook.com\/tagumedica\/","https:\/\/www.instagram.com\/tagumedica\/","https:\/\/www.youtube.com\/channel\/UCUl698cTwJbTfeI_cHVmJJQ"]}]}},"_links":{"self":[{"href":"https:\/\/tagumedica.com\/en\/wp-json\/wp\/v2\/product\/5859","targetHints":{"allow":["GET"]}}],"collection":[{"href":"https:\/\/tagumedica.com\/en\/wp-json\/wp\/v2\/product"}],"about":[{"href":"https:\/\/tagumedica.com\/en\/wp-json\/wp\/v2\/types\/product"}],"replies":[{"embeddable":true,"href":"https:\/\/tagumedica.com\/en\/wp-json\/wp\/v2\/comments?post=5859"}],"version-history":[{"count":0,"href":"https:\/\/tagumedica.com\/en\/wp-json\/wp\/v2\/product\/5859\/revisions"}],"wp:featuredmedia":[{"embeddable":true,"href":"https:\/\/tagumedica.com\/en\/wp-json\/wp\/v2\/media\/4712"}],"wp:attachment":[{"href":"https:\/\/tagumedica.com\/en\/wp-json\/wp\/v2\/media?parent=5859"}],"wp:term":[{"taxonomy":"product_brand","embeddable":true,"href":"https:\/\/tagumedica.com\/en\/wp-json\/wp\/v2\/product_brand?post=5859"},{"taxonomy":"product_cat","embeddable":true,"href":"https:\/\/tagumedica.com\/en\/wp-json\/wp\/v2\/product_cat?post=5859"},{"taxonomy":"product_tag","embeddable":true,"href":"https:\/\/tagumedica.com\/en\/wp-json\/wp\/v2\/product_tag?post=5859"}],"curies":[{"name":"wp","href":"https:\/\/api.w.org\/{rel}","templated":true}]}}